{"id":912,"date":"2017-02-13T18:14:52","date_gmt":"2017-02-13T18:14:52","guid":{"rendered":"http:\/\/www.astrokreativ.de\/neuastro\/anhaenger"},"modified":"2023-02-22T18:29:36","modified_gmt":"2023-02-22T16:29:36","slug":"edelstein-anhaenger","status":"publish","type":"page","link":"https:\/\/www.astrokreativ.de\/neuastro\/edelstein-anhaenger","title":{"rendered":"Edelstein Anh\u00e4nger"},"content":{"rendered":"<p><span style=\"color: #333333;\">Beschreibungen der einzelnen Schmuck Anh\u00e4nger finden Sie unter den Vergr\u00f6\u00dferungen der Fotos.<\/span><\/p>\n<p><span style=\"color: #333333;\">Weitere Informationen bekommen Sie in meinem <span style=\"color: #800000;\">Shop<\/span>, dort k\u00f6nnen Sie auch die aktuellen Schmuck Anh\u00e4nger bestellen.<\/span><\/p>\n<p>&nbsp;<\/p>\n\n<style type=\"text\/css\">\n#foogallery-gallery-4080.fg-justified .fg-item { margin-right: 4px; margin-bottom: 4px; }\n#foogallery-gallery-4080.fg-justified .fg-image { height: 100px; }<\/style>\n\t\t\t<div class=\"foogallery foogallery-container foogallery-justified foogallery-lightbox-foobox fg-justified fg-ready fg-dark fg-shadow-outline fg-loading-default fg-loaded-slide-up fg-hover-scale fg-caption-hover fg-hover-fade fg-light-overlays\" id=\"foogallery-gallery-4080\" data-foogallery=\"{&quot;item&quot;:{&quot;showCaptionTitle&quot;:true,&quot;showCaptionDescription&quot;:false},&quot;lazy&quot;:true,&quot;template&quot;:{&quot;rowHeight&quot;:100,&quot;maxRowHeight&quot;:150,&quot;margins&quot;:4,&quot;align&quot;:&quot;left&quot;,&quot;lastRow&quot;:&quot;smart&quot;}}\" style=\"--fg-title-line-clamp: 0; --fg-description-line-clamp: 0;\" >\n\t<div class=\"fg-item fg-type-image fg-idle\"><figure class=\"fg-item-inner\"><a href=\"https:\/\/www.astrokreativ.de\/neuastro\/wp-content\/uploads\/2021\/10\/Bicolor-Turmalin.jpg\" data-caption-title=\"Bicolor-Turmalin\" data-caption-desc=\"Anh\u00e4nger aus einem zweifarbigen Turmalin - verkauft!\" data-attachment-id=\"3418\" data-type=\"image\" class=\"fg-thumb\"><span class=\"fg-image-wrap\"><img decoding=\"async\" alt=\"Produktansicht\" title=\"Herz\u00f6ffner Kristall\" height=\"150\" width=\"185\" class=\"skip-lazy fg-image\" data-src-fg=\"https:\/\/www.astrokreativ.de\/neuastro\/wp-content\/uploads\/cache\/2021\/10\/Bicolor-Turmalin\/4106069324.jpg\" src=\"data:image\/svg+xml,%3Csvg%20xmlns%3D%22http%3A%2F%2Fwww.w3.org%2F2000%2Fsvg%22%20width%3D%22185%22%20height%3D%22150%22%20viewBox%3D%220%200%20185%20150%22%3E%3C%2Fsvg%3E\" loading=\"eager\"><\/span><span class=\"fg-image-overlay\"><\/span><\/a><figcaption class=\"fg-caption\"><div class=\"fg-caption-inner\"><div class=\"fg-caption-title\">Bicolor-Turmalin<\/div><\/div><\/figcaption><\/figure><div class=\"fg-loader\"><\/div><\/div><div class=\"fg-item fg-type-image fg-idle\"><figure class=\"fg-item-inner\"><a href=\"https:\/\/www.astrokreativ.de\/neuastro\/wp-content\/uploads\/2021\/11\/Indigolith.jpg\" data-caption-title=\"Indigolith Anh\u00e4nger\" data-caption-desc=\"Blauer Turmalin Kristall Anh\u00e4nger - verkauft!\" data-attachment-id=\"3447\" data-type=\"image\" class=\"fg-thumb\"><span class=\"fg-image-wrap\"><img decoding=\"async\" alt=\"Produktansicht\" title=\"Toleranz\" height=\"150\" width=\"170\" class=\"skip-lazy fg-image\" data-src-fg=\"https:\/\/www.astrokreativ.de\/neuastro\/wp-content\/uploads\/cache\/2021\/11\/Indigolith\/1765856596.jpg\" src=\"data:image\/svg+xml,%3Csvg%20xmlns%3D%22http%3A%2F%2Fwww.w3.org%2F2000%2Fsvg%22%20width%3D%22170%22%20height%3D%22150%22%20viewBox%3D%220%200%20170%20150%22%3E%3C%2Fsvg%3E\" loading=\"eager\"><\/span><span class=\"fg-image-overlay\"><\/span><\/a><figcaption class=\"fg-caption\"><div class=\"fg-caption-inner\"><div class=\"fg-caption-title\">Indigolith Anh\u00e4nger<\/div><\/div><\/figcaption><\/figure><div class=\"fg-loader\"><\/div><\/div><div class=\"fg-item fg-type-image fg-idle\"><figure class=\"fg-item-inner\"><a href=\"https:\/\/www.astrokreativ.de\/neuastro\/wp-content\/uploads\/2022\/01\/Dioptas-Alexandrit1.jpg\" data-caption-title=\"Dioptas-Alexandrit\" data-caption-desc=\"Anh\u00e4nger aus Dioptas Kristall und Alexandrit-verkauft!\" data-attachment-id=\"3463\" data-type=\"image\" class=\"fg-thumb\"><span class=\"fg-image-wrap\"><img decoding=\"async\" alt=\"Produktansicht\" title=\"Innerer Reichtum\" height=\"150\" width=\"172\" class=\"skip-lazy fg-image\" data-src-fg=\"https:\/\/www.astrokreativ.de\/neuastro\/wp-content\/uploads\/cache\/2022\/01\/Dioptas-Alexandrit1\/4223692501.jpg\" src=\"data:image\/svg+xml,%3Csvg%20xmlns%3D%22http%3A%2F%2Fwww.w3.org%2F2000%2Fsvg%22%20width%3D%22172%22%20height%3D%22150%22%20viewBox%3D%220%200%20172%20150%22%3E%3C%2Fsvg%3E\" loading=\"eager\"><\/span><span class=\"fg-image-overlay\"><\/span><\/a><figcaption class=\"fg-caption\"><div class=\"fg-caption-inner\"><div class=\"fg-caption-title\">Dioptas-Alexandrit<\/div><\/div><\/figcaption><\/figure><div class=\"fg-loader\"><\/div><\/div><div class=\"fg-item fg-type-image fg-idle\"><figure class=\"fg-item-inner\"><a href=\"https:\/\/www.astrokreativ.de\/neuastro\/wp-content\/uploads\/2022\/02\/Aquamarin-Meteorit.jpg\" data-caption-title=\"Aquamarin-Meteorit-Anh\u00e4nger\" data-caption-desc=\"Aquamarin Anh\u00e4nger mit Meteoriten Mond\" data-attachment-id=\"3496\" data-type=\"image\" class=\"fg-thumb\"><span class=\"fg-image-wrap\"><img decoding=\"async\" alt=\"Produktansicht\" title=\"Klartraum\" height=\"150\" width=\"147\" class=\"skip-lazy fg-image\" data-src-fg=\"https:\/\/www.astrokreativ.de\/neuastro\/wp-content\/uploads\/cache\/2022\/02\/Aquamarin-Meteorit\/3937642522.jpg\" src=\"data:image\/svg+xml,%3Csvg%20xmlns%3D%22http%3A%2F%2Fwww.w3.org%2F2000%2Fsvg%22%20width%3D%22147%22%20height%3D%22150%22%20viewBox%3D%220%200%20147%20150%22%3E%3C%2Fsvg%3E\" loading=\"eager\"><\/span><span class=\"fg-image-overlay\"><\/span><\/a><figcaption class=\"fg-caption\"><div class=\"fg-caption-inner\"><div class=\"fg-caption-title\">Aquamarin-Meteorit-Anh\u00e4nger<\/div><\/div><\/figcaption><\/figure><div class=\"fg-loader\"><\/div><\/div><div class=\"fg-item fg-type-image fg-idle\"><figure class=\"fg-item-inner\"><a href=\"https:\/\/www.astrokreativ.de\/neuastro\/wp-content\/uploads\/2022\/02\/Brasilianit-Vesuvian3.jpg\" data-caption-title=\"Brasilianit-Vesuvian-Anh\u00e4nger\" data-caption-desc=\"Prachtvoller Anh\u00e4nger aus einem Brasilianit Kristall und einem Vesuvian - verkauft!\" data-attachment-id=\"3497\" data-type=\"image\" class=\"fg-thumb\"><span class=\"fg-image-wrap\"><img decoding=\"async\" alt=\"Produktansicht\" title=\"H\u00f6heres Selbst\" height=\"150\" width=\"145\" class=\"skip-lazy fg-image\" data-src-fg=\"https:\/\/www.astrokreativ.de\/neuastro\/wp-content\/uploads\/cache\/2022\/02\/Brasilianit-Vesuvian3\/283905784.jpg\" src=\"data:image\/svg+xml,%3Csvg%20xmlns%3D%22http%3A%2F%2Fwww.w3.org%2F2000%2Fsvg%22%20width%3D%22145%22%20height%3D%22150%22%20viewBox%3D%220%200%20145%20150%22%3E%3C%2Fsvg%3E\" loading=\"eager\"><\/span><span class=\"fg-image-overlay\"><\/span><\/a><figcaption class=\"fg-caption\"><div class=\"fg-caption-inner\"><div class=\"fg-caption-title\">Brasilianit-Vesuvian-Anh\u00e4nger<\/div><\/div><\/figcaption><\/figure><div class=\"fg-loader\"><\/div><\/div><div class=\"fg-item fg-type-image fg-idle\"><figure class=\"fg-item-inner\"><a href=\"https:\/\/www.astrokreativ.de\/neuastro\/wp-content\/uploads\/2022\/02\/Moldavit.jpg\" data-caption-title=\"Moldavit Sternen Anh\u00e4nger\" data-caption-desc=\"Sternen Anh\u00e4nger mit einem Moldavit-verkauft!\" data-attachment-id=\"3498\" data-type=\"image\" class=\"fg-thumb\"><span class=\"fg-image-wrap\"><img decoding=\"async\" alt=\"Produktansicht\" title=\"Sternen Anh\u00e4nger\" height=\"150\" width=\"171\" class=\"skip-lazy fg-image\" data-src-fg=\"https:\/\/www.astrokreativ.de\/neuastro\/wp-content\/uploads\/cache\/2022\/02\/Moldavit\/4011132774.jpg\" src=\"data:image\/svg+xml,%3Csvg%20xmlns%3D%22http%3A%2F%2Fwww.w3.org%2F2000%2Fsvg%22%20width%3D%22171%22%20height%3D%22150%22%20viewBox%3D%220%200%20171%20150%22%3E%3C%2Fsvg%3E\" loading=\"eager\"><\/span><span class=\"fg-image-overlay\"><\/span><\/a><figcaption class=\"fg-caption\"><div class=\"fg-caption-inner\"><div class=\"fg-caption-title\">Moldavit Sternen Anh\u00e4nger<\/div><\/div><\/figcaption><\/figure><div class=\"fg-loader\"><\/div><\/div><div class=\"fg-item fg-type-image fg-idle\"><figure class=\"fg-item-inner\"><a href=\"https:\/\/www.astrokreativ.de\/neuastro\/wp-content\/uploads\/2022\/02\/Apophyllit1-1.jpg\" data-caption-title=\"Apophyllit Anh\u00e4nger\" data-caption-desc=\"Hellgr\u00fcner klarer Apophyllit Kristall Anh\u00e4nger - verkauft!\" data-attachment-id=\"3499\" data-type=\"image\" class=\"fg-thumb\"><span class=\"fg-image-wrap\"><img decoding=\"async\" alt=\"Produktansicht\" title=\"Gelassenheit\" height=\"150\" width=\"173\" class=\"skip-lazy fg-image\" data-src-fg=\"https:\/\/www.astrokreativ.de\/neuastro\/wp-content\/uploads\/cache\/2022\/02\/Apophyllit1-1\/3232122000.jpg\" src=\"data:image\/svg+xml,%3Csvg%20xmlns%3D%22http%3A%2F%2Fwww.w3.org%2F2000%2Fsvg%22%20width%3D%22173%22%20height%3D%22150%22%20viewBox%3D%220%200%20173%20150%22%3E%3C%2Fsvg%3E\" loading=\"eager\"><\/span><span class=\"fg-image-overlay\"><\/span><\/a><figcaption class=\"fg-caption\"><div class=\"fg-caption-inner\"><div class=\"fg-caption-title\">Apophyllit Anh\u00e4nger<\/div><\/div><\/figcaption><\/figure><div class=\"fg-loader\"><\/div><\/div><div class=\"fg-item fg-type-image fg-idle\"><figure class=\"fg-item-inner\"><a href=\"https:\/\/www.astrokreativ.de\/neuastro\/wp-content\/uploads\/2022\/05\/Danburit1.jpg\" data-caption-title=\"Danburitkristall\" data-caption-desc=\"Anh\u00e4nger aus einem Danburit Kristall - verkauft!\" data-attachment-id=\"3601\" data-type=\"image\" class=\"fg-thumb\"><span class=\"fg-image-wrap\"><img decoding=\"async\" alt=\"Produktansicht\" title=\"Lichtbringer\" height=\"150\" width=\"177\" class=\"skip-lazy fg-image\" data-src-fg=\"https:\/\/www.astrokreativ.de\/neuastro\/wp-content\/uploads\/cache\/2022\/05\/Danburit1\/3958526647.jpg\" src=\"data:image\/svg+xml,%3Csvg%20xmlns%3D%22http%3A%2F%2Fwww.w3.org%2F2000%2Fsvg%22%20width%3D%22177%22%20height%3D%22150%22%20viewBox%3D%220%200%20177%20150%22%3E%3C%2Fsvg%3E\" loading=\"eager\"><\/span><span class=\"fg-image-overlay\"><\/span><\/a><figcaption class=\"fg-caption\"><div class=\"fg-caption-inner\"><div class=\"fg-caption-title\">Danburitkristall<\/div><\/div><\/figcaption><\/figure><div class=\"fg-loader\"><\/div><\/div><div class=\"fg-item fg-type-image fg-idle\"><figure class=\"fg-item-inner\"><a href=\"https:\/\/www.astrokreativ.de\/neuastro\/wp-content\/uploads\/2023\/02\/Monstein-Achat-Chalcedon-1.jpg\" data-caption-desc=\"Mondstein-Chalcedon-Achat-Anh\u00e4nger mit Silber\" data-caption-title=\"Mutter Erde\" data-attachment-id=\"4081\" data-type=\"image\" class=\"fg-thumb\"><span class=\"fg-image-wrap\"><img decoding=\"async\" alt=\"Galeriebild\" height=\"150\" width=\"143\" class=\"skip-lazy fg-image\" data-src-fg=\"https:\/\/www.astrokreativ.de\/neuastro\/wp-content\/uploads\/cache\/2023\/02\/Monstein-Achat-Chalcedon-1\/3585350835.jpg\" src=\"data:image\/svg+xml,%3Csvg%20xmlns%3D%22http%3A%2F%2Fwww.w3.org%2F2000%2Fsvg%22%20width%3D%22143%22%20height%3D%22150%22%20viewBox%3D%220%200%20143%20150%22%3E%3C%2Fsvg%3E\" loading=\"eager\"><\/span><span class=\"fg-image-overlay\"><\/span><\/a><figcaption class=\"fg-caption\"><div class=\"fg-caption-inner\"><div class=\"fg-caption-title\">Mutter Erde<\/div><\/div><\/figcaption><\/figure><div class=\"fg-loader\"><\/div><\/div><div class=\"fg-item fg-type-image fg-idle\"><figure class=\"fg-item-inner\"><a href=\"https:\/\/www.astrokreativ.de\/neuastro\/wp-content\/uploads\/2023\/02\/Aquamarin-Disthen6.jpg\" data-caption-desc=\"&quot;Kopf und Herz im Einklang&quot; Aquamarin-Disthen-Anh\u00e4nger mit Silber\" data-caption-title=\"Einklang\" data-attachment-id=\"4082\" data-type=\"image\" class=\"fg-thumb\"><span class=\"fg-image-wrap\"><img decoding=\"async\" alt=\"Galeriebild\" height=\"150\" width=\"72\" class=\"skip-lazy fg-image\" data-src-fg=\"https:\/\/www.astrokreativ.de\/neuastro\/wp-content\/uploads\/cache\/2023\/02\/Aquamarin-Disthen6\/428324194.jpg\" src=\"data:image\/svg+xml,%3Csvg%20xmlns%3D%22http%3A%2F%2Fwww.w3.org%2F2000%2Fsvg%22%20width%3D%2272%22%20height%3D%22150%22%20viewBox%3D%220%200%2072%20150%22%3E%3C%2Fsvg%3E\" loading=\"eager\"><\/span><span class=\"fg-image-overlay\"><\/span><\/a><figcaption class=\"fg-caption\"><div class=\"fg-caption-inner\"><div class=\"fg-caption-title\">Einklang<\/div><\/div><\/figcaption><\/figure><div class=\"fg-loader\"><\/div><\/div><div class=\"fg-item fg-type-image fg-idle\"><figure class=\"fg-item-inner\"><a href=\"https:\/\/www.astrokreativ.de\/neuastro\/wp-content\/uploads\/2023\/02\/Rubellit-Pururit-2.jpg\" data-caption-desc=\"Anh\u00e4nger aus zwei roten Turmalinen (Rubellit) und einem violettschimmernden Purpurit\" data-caption-title=\"Liebe und Sinnlichkeit\" data-attachment-id=\"4083\" data-type=\"image\" class=\"fg-thumb\"><span class=\"fg-image-wrap\"><img decoding=\"async\" alt=\"Galeriebild\" height=\"150\" width=\"192\" class=\"skip-lazy fg-image\" data-src-fg=\"https:\/\/www.astrokreativ.de\/neuastro\/wp-content\/uploads\/cache\/2023\/02\/Rubellit-Pururit-2\/2383316487.jpg\" src=\"data:image\/svg+xml,%3Csvg%20xmlns%3D%22http%3A%2F%2Fwww.w3.org%2F2000%2Fsvg%22%20width%3D%22192%22%20height%3D%22150%22%20viewBox%3D%220%200%20192%20150%22%3E%3C%2Fsvg%3E\" loading=\"eager\"><\/span><span class=\"fg-image-overlay\"><\/span><\/a><figcaption class=\"fg-caption\"><div class=\"fg-caption-inner\"><div class=\"fg-caption-title\">Liebe und Sinnlichkeit<\/div><\/div><\/figcaption><\/figure><div class=\"fg-loader\"><\/div><\/div><div class=\"fg-item fg-type-image fg-idle\"><figure class=\"fg-item-inner\"><a href=\"https:\/\/www.astrokreativ.de\/neuastro\/wp-content\/uploads\/2023\/02\/Aquamarin4.jpg\" data-caption-desc=\"Aquamarin Anh\u00e4nger mit Silber gefasst - verkauft!\" data-caption-title=\"Intuition\" data-attachment-id=\"4084\" data-type=\"image\" class=\"fg-thumb\"><span class=\"fg-image-wrap\"><img decoding=\"async\" alt=\"Galeriebild\" height=\"150\" width=\"191\" class=\"skip-lazy fg-image\" data-src-fg=\"https:\/\/www.astrokreativ.de\/neuastro\/wp-content\/uploads\/cache\/2023\/02\/Aquamarin4\/2930959739.jpg\" src=\"data:image\/svg+xml,%3Csvg%20xmlns%3D%22http%3A%2F%2Fwww.w3.org%2F2000%2Fsvg%22%20width%3D%22191%22%20height%3D%22150%22%20viewBox%3D%220%200%20191%20150%22%3E%3C%2Fsvg%3E\" loading=\"eager\"><\/span><span class=\"fg-image-overlay\"><\/span><\/a><figcaption class=\"fg-caption\"><div class=\"fg-caption-inner\"><div class=\"fg-caption-title\">Intuition<\/div><\/div><\/figcaption><\/figure><div class=\"fg-loader\"><\/div><\/div><div class=\"fg-item fg-type-image fg-idle\"><figure class=\"fg-item-inner\"><a href=\"https:\/\/www.astrokreativ.de\/neuastro\/wp-content\/uploads\/2023\/02\/Verdelith-Beryll2.jpg\" data-caption-desc=\"Gr\u00fcnlicher Beryll mit einem dunkelgr\u00fcnen Turmalin (Verdelith) - verkauft!\" data-caption-title=\"Das Gute im Leben\" data-attachment-id=\"4085\" data-type=\"image\" class=\"fg-thumb\"><span class=\"fg-image-wrap\"><img decoding=\"async\" alt=\"Galeriebild\" height=\"150\" width=\"177\" class=\"skip-lazy fg-image\" data-src-fg=\"https:\/\/www.astrokreativ.de\/neuastro\/wp-content\/uploads\/cache\/2023\/02\/Verdelith-Beryll2\/193068533.jpg\" src=\"data:image\/svg+xml,%3Csvg%20xmlns%3D%22http%3A%2F%2Fwww.w3.org%2F2000%2Fsvg%22%20width%3D%22177%22%20height%3D%22150%22%20viewBox%3D%220%200%20177%20150%22%3E%3C%2Fsvg%3E\" loading=\"eager\"><\/span><span class=\"fg-image-overlay\"><\/span><\/a><figcaption class=\"fg-caption\"><div class=\"fg-caption-inner\"><div class=\"fg-caption-title\">Das Gute im Leben<\/div><\/div><\/figcaption><\/figure><div class=\"fg-loader\"><\/div><\/div><div class=\"fg-item fg-type-image fg-idle\"><figure class=\"fg-item-inner\"><a href=\"https:\/\/www.astrokreativ.de\/neuastro\/wp-content\/uploads\/2023\/02\/Diaspor2.jpg\" data-caption-desc=\"Nat\u00fcrlicher Diaspor Kristall mit Silber gefasst - verkauft!\" data-caption-title=\"Kreativit\u00e4t\" data-attachment-id=\"4087\" data-type=\"image\" class=\"fg-thumb\"><span class=\"fg-image-wrap\"><img decoding=\"async\" alt=\"Galeriebild\" height=\"150\" width=\"187\" class=\"skip-lazy fg-image\" data-src-fg=\"https:\/\/www.astrokreativ.de\/neuastro\/wp-content\/uploads\/cache\/2023\/02\/Diaspor2\/1866303747.jpg\" src=\"data:image\/svg+xml,%3Csvg%20xmlns%3D%22http%3A%2F%2Fwww.w3.org%2F2000%2Fsvg%22%20width%3D%22187%22%20height%3D%22150%22%20viewBox%3D%220%200%20187%20150%22%3E%3C%2Fsvg%3E\" loading=\"eager\"><\/span><span class=\"fg-image-overlay\"><\/span><\/a><figcaption class=\"fg-caption\"><div class=\"fg-caption-inner\"><div class=\"fg-caption-title\">Kreativit\u00e4t<\/div><\/div><\/figcaption><\/figure><div class=\"fg-loader\"><\/div><\/div><div class=\"fg-item fg-type-image fg-idle\"><figure class=\"fg-item-inner\"><a href=\"https:\/\/www.astrokreativ.de\/neuastro\/wp-content\/uploads\/2023\/02\/Phlogopit8.jpg\" data-caption-desc=\"Anh\u00e4nger aus einem schillernden Phlogopit mit Silberscheibe\" data-caption-title=\"Vertrauen\" data-attachment-id=\"4088\" data-type=\"image\" class=\"fg-thumb\"><span class=\"fg-image-wrap\"><img decoding=\"async\" alt=\"Galeriebild\" height=\"150\" width=\"163\" class=\"skip-lazy fg-image\" data-src-fg=\"https:\/\/www.astrokreativ.de\/neuastro\/wp-content\/uploads\/cache\/2023\/02\/Phlogopit8\/2822307746.jpg\" src=\"data:image\/svg+xml,%3Csvg%20xmlns%3D%22http%3A%2F%2Fwww.w3.org%2F2000%2Fsvg%22%20width%3D%22163%22%20height%3D%22150%22%20viewBox%3D%220%200%20163%20150%22%3E%3C%2Fsvg%3E\" loading=\"eager\"><\/span><span class=\"fg-image-overlay\"><\/span><\/a><figcaption class=\"fg-caption\"><div class=\"fg-caption-inner\"><div class=\"fg-caption-title\">Vertrauen<\/div><\/div><\/figcaption><\/figure><div class=\"fg-loader\"><\/div><\/div><div class=\"fg-item fg-type-image fg-idle\"><figure class=\"fg-item-inner\"><a href=\"https:\/\/www.astrokreativ.de\/neuastro\/wp-content\/uploads\/2023\/02\/Meteorit-Seymchan4.jpg\" data-caption-desc=\"Anh\u00e4nger aus einer Meteorit Seymchan Scheibe - verkauft!\" data-caption-title=\"Geistige Entwicklung\" data-attachment-id=\"4090\" data-type=\"image\" class=\"fg-thumb\"><span class=\"fg-image-wrap\"><img decoding=\"async\" alt=\"Galeriebild\" height=\"150\" width=\"165\" class=\"skip-lazy fg-image\" data-src-fg=\"https:\/\/www.astrokreativ.de\/neuastro\/wp-content\/uploads\/cache\/2023\/02\/Meteorit-Seymchan4\/1573021588.jpg\" src=\"data:image\/svg+xml,%3Csvg%20xmlns%3D%22http%3A%2F%2Fwww.w3.org%2F2000%2Fsvg%22%20width%3D%22165%22%20height%3D%22150%22%20viewBox%3D%220%200%20165%20150%22%3E%3C%2Fsvg%3E\" loading=\"eager\"><\/span><span class=\"fg-image-overlay\"><\/span><\/a><figcaption class=\"fg-caption\"><div class=\"fg-caption-inner\"><div class=\"fg-caption-title\">Geistige Entwicklung<\/div><\/div><\/figcaption><\/figure><div class=\"fg-loader\"><\/div><\/div><div class=\"fg-item fg-type-image fg-idle\"><figure class=\"fg-item-inner\"><a href=\"https:\/\/www.astrokreativ.de\/neuastro\/wp-content\/uploads\/2023\/02\/Rubin-mit-Feldspat1.jpg\" data-caption-desc=\"Kr\u00e4ftiger Anh\u00e4nger aus Rubin mit Feldspat\" data-caption-title=\"Spirituelles Wachstum\" data-attachment-id=\"4091\" data-type=\"image\" class=\"fg-thumb\"><span class=\"fg-image-wrap\"><img decoding=\"async\" alt=\"Galeriebild\" height=\"150\" width=\"181\" class=\"skip-lazy fg-image\" data-src-fg=\"https:\/\/www.astrokreativ.de\/neuastro\/wp-content\/uploads\/cache\/2023\/02\/Rubin-mit-Feldspat1\/1991089654.jpg\" src=\"data:image\/svg+xml,%3Csvg%20xmlns%3D%22http%3A%2F%2Fwww.w3.org%2F2000%2Fsvg%22%20width%3D%22181%22%20height%3D%22150%22%20viewBox%3D%220%200%20181%20150%22%3E%3C%2Fsvg%3E\" loading=\"eager\"><\/span><span class=\"fg-image-overlay\"><\/span><\/a><figcaption class=\"fg-caption\"><div class=\"fg-caption-inner\"><div class=\"fg-caption-title\">Spirituelles Wachstum<\/div><\/div><\/figcaption><\/figure><div class=\"fg-loader\"><\/div><\/div><div class=\"fg-item fg-type-image fg-idle\"><figure class=\"fg-item-inner\"><a href=\"https:\/\/www.astrokreativ.de\/neuastro\/wp-content\/uploads\/2023\/02\/Turmalin2.jpg\" data-caption-desc=\"Tempel der Sch\u00f6pferkraft -  brauner Turmalin Kristall mit einem kleinen mehrfarbigen Turmalin Kristall\" data-caption-title=\"Tempel der Sch\u00f6pferkraft\" data-attachment-id=\"4092\" data-type=\"image\" class=\"fg-thumb\"><span class=\"fg-image-wrap\"><img decoding=\"async\" alt=\"Galeriebild\" height=\"150\" width=\"107\" class=\"skip-lazy fg-image\" data-src-fg=\"https:\/\/www.astrokreativ.de\/neuastro\/wp-content\/uploads\/cache\/2023\/02\/Turmalin2\/1841404293.jpg\" src=\"data:image\/svg+xml,%3Csvg%20xmlns%3D%22http%3A%2F%2Fwww.w3.org%2F2000%2Fsvg%22%20width%3D%22107%22%20height%3D%22150%22%20viewBox%3D%220%200%20107%20150%22%3E%3C%2Fsvg%3E\" loading=\"eager\"><\/span><span class=\"fg-image-overlay\"><\/span><\/a><figcaption class=\"fg-caption\"><div class=\"fg-caption-inner\"><div class=\"fg-caption-title\">Tempel der Sch\u00f6pferkraft<\/div><\/div><\/figcaption><\/figure><div class=\"fg-loader\"><\/div><\/div><\/div>\n","protected":false},"excerpt":{"rendered":"<p>Beschreibungen der einzelnen Schmuck Anh\u00e4nger finden Sie unter den Vergr\u00f6\u00dferungen der Fotos. Weitere Informationen bekommen Sie in meinem Shop, dort k\u00f6nnen Sie auch die aktuellen Schmuck Anh\u00e4nger bestellen. &nbsp;<\/p>\n","protected":false},"author":1,"featured_media":0,"parent":0,"menu_order":0,"comment_status":"closed","ping_status":"closed","template":"","meta":[],"aioseo_notices":[],"_links":{"self":[{"href":"https:\/\/www.astrokreativ.de\/neuastro\/wp-json\/wp\/v2\/pages\/912"}],"collection":[{"href":"https:\/\/www.astrokreativ.de\/neuastro\/wp-json\/wp\/v2\/pages"}],"about":[{"href":"https:\/\/www.astrokreativ.de\/neuastro\/wp-json\/wp\/v2\/types\/page"}],"author":[{"embeddable":true,"href":"https:\/\/www.astrokreativ.de\/neuastro\/wp-json\/wp\/v2\/users\/1"}],"replies":[{"embeddable":true,"href":"https:\/\/www.astrokreativ.de\/neuastro\/wp-json\/wp\/v2\/comments?post=912"}],"version-history":[{"count":18,"href":"https:\/\/www.astrokreativ.de\/neuastro\/wp-json\/wp\/v2\/pages\/912\/revisions"}],"predecessor-version":[{"id":4094,"href":"https:\/\/www.astrokreativ.de\/neuastro\/wp-json\/wp\/v2\/pages\/912\/revisions\/4094"}],"wp:attachment":[{"href":"https:\/\/www.astrokreativ.de\/neuastro\/wp-json\/wp\/v2\/media?parent=912"}],"curies":[{"name":"wp","href":"https:\/\/api.w.org\/{rel}","templated":true}]}}