{"id":827,"date":"2017-02-13T17:50:02","date_gmt":"2017-02-13T17:50:02","guid":{"rendered":"http:\/\/www.astrokreativ.de\/neuastro\/engel-anhaenger"},"modified":"2023-03-10T20:05:24","modified_gmt":"2023-03-10T18:05:24","slug":"engel-anhaenger","status":"publish","type":"page","link":"https:\/\/www.astrokreativ.de\/neuastro\/engel-anhaenger","title":{"rendered":"Engel Anh\u00e4nger"},"content":{"rendered":"<h4><span style=\"color: #785f14;\">Kleine himmlische Kostbarkeiten<\/span><\/h4>\n<p><span style=\"color: #333333;\">In dieser Galerie sehen Sie eine Auswahl meiner schon zum Teil verkauften, aber auch noch vorhandenen <strong>Engelanh\u00e4nger<\/strong>. Diese einzigartigen Engel sind von mir in liebevoller und geduldiger Hand- und Goldschmiedearbeit entstanden.<\/span><\/p>\n<p><span style=\"color: #333333;\">Jeder kleine Edelsteinanh\u00e4nger ist ein Ausdruck eines bestimmten Engels mit seiner ganz eigenen Art, die ich durch die passenden Edelsteine mit ihrer Heilwirkung und Farbe zugeordnet habe. Genauso kann auch jeder Anh\u00e4nger f\u00fcr Sie ein Schutzengel sein, der Sie t\u00e4glich daran erinnert, dass Sie besch\u00fctzt und wohlbeh\u00fctet sind. So ein kleiner himmlischer Begleiter ist auch ein sch\u00f6nes Geschenk f\u00fcr einen besonderen Menschen.<\/span><\/p>\n<p><span style=\"color: #333333;\">Namen der <strong>Engelanh\u00e4nger<\/strong> und auch die Namen der Edelsteine finden Sie unter den vergr\u00f6\u00dferten Fotos. Weitere und genauere Informationen bekommen Sie in meinem <span style=\"color: #800000;\"><a style=\"color: #800000;\" href=\"https:\/\/shop.astrokreativ.de.web12934.greatnet-hosting.de\/\" target=\"_blank\" rel=\"noopener\">Shop<\/a><\/span>, dort k\u00f6nnen Sie auch die aktuelle Engelkollektion sehen und bestellen.<\/span><\/p>\n<p><span style=\"color: #333333;\">Meine Engelanh\u00e4nger auch bei <\/span><span style=\"color: #800000;\"><a style=\"color: #800000;\" href=\"https:\/\/www.youtube.com\/channel\/UC215fWh-2E5I71bErlKvqIw\" target=\"_blank\" rel=\"noopener noreferrer\">YouTube<\/a><\/span><\/p>\n\n<style type=\"text\/css\">\n#foogallery-gallery-3536.fg-justified .fg-item { margin-right: 4px; margin-bottom: 4px; }\n#foogallery-gallery-3536.fg-justified .fg-image { height: 100px; }<\/style>\n\t\t\t<div class=\"foogallery foogallery-container foogallery-justified foogallery-lightbox-foobox fg-justified fg-ready fg-light fg-shadow-outline fg-loading-default fg-loaded-fade-in fg-hover-scale fg-caption-hover fg-hover-fade fg-transparent-overlays\" id=\"foogallery-gallery-3536\" data-foogallery=\"{&quot;item&quot;:{&quot;showCaptionTitle&quot;:true,&quot;showCaptionDescription&quot;:false},&quot;lazy&quot;:true,&quot;template&quot;:{&quot;rowHeight&quot;:100,&quot;maxRowHeight&quot;:150,&quot;margins&quot;:4,&quot;align&quot;:&quot;center&quot;,&quot;lastRow&quot;:&quot;smart&quot;}}\" style=\"--fg-title-line-clamp: 0; --fg-description-line-clamp: 0;\" >\n\t<div class=\"fg-item fg-type-image fg-idle\"><figure class=\"fg-item-inner\"><a href=\"https:\/\/www.astrokreativ.de\/neuastro\/wp-content\/uploads\/2022\/02\/Mandaringranat-Ammolith6.jpg\" data-caption-title=\"Engel der Lebenslust\" data-caption-desc=\"Engelanh\u00e4nger aus Mandaringranat und Ammolith - verkauft!\" data-attachment-id=\"3500\" data-type=\"image\" class=\"fg-thumb\"><span class=\"fg-image-wrap\"><img decoding=\"async\" alt=\"Produktansicht\" title=\"Engel der Lebenslust\" height=\"150\" width=\"178\" class=\"skip-lazy fg-image\" data-src-fg=\"https:\/\/www.astrokreativ.de\/neuastro\/wp-content\/uploads\/cache\/2022\/02\/Mandaringranat-Ammolith6\/2466896776.jpg\" src=\"data:image\/svg+xml,%3Csvg%20xmlns%3D%22http%3A%2F%2Fwww.w3.org%2F2000%2Fsvg%22%20width%3D%22178%22%20height%3D%22150%22%20viewBox%3D%220%200%20178%20150%22%3E%3C%2Fsvg%3E\" loading=\"eager\"><\/span><span class=\"fg-image-overlay\"><\/span><\/a><figcaption class=\"fg-caption\"><div class=\"fg-caption-inner\"><div class=\"fg-caption-title\">Engel der Lebenslust<\/div><\/div><\/figcaption><\/figure><div class=\"fg-loader\"><\/div><\/div><div class=\"fg-item fg-type-image fg-idle\"><figure class=\"fg-item-inner\"><a href=\"https:\/\/www.astrokreativ.de\/neuastro\/wp-content\/uploads\/2022\/02\/Peridot-Rutilquarz3.jpg\" data-caption-title=\"Engel der Zuversicht\" data-caption-desc=\"Engelanh\u00e4nger aus Peridrot und Rutilquarz - verkauft!\" data-attachment-id=\"3501\" data-type=\"image\" class=\"fg-thumb\"><span class=\"fg-image-wrap\"><img decoding=\"async\" alt=\"Produktansicht\" title=\"Engel der Zuversicht\" height=\"150\" width=\"168\" class=\"skip-lazy fg-image\" data-src-fg=\"https:\/\/www.astrokreativ.de\/neuastro\/wp-content\/uploads\/cache\/2022\/02\/Peridot-Rutilquarz3\/3306087693.jpg\" src=\"data:image\/svg+xml,%3Csvg%20xmlns%3D%22http%3A%2F%2Fwww.w3.org%2F2000%2Fsvg%22%20width%3D%22168%22%20height%3D%22150%22%20viewBox%3D%220%200%20168%20150%22%3E%3C%2Fsvg%3E\" loading=\"eager\"><\/span><span class=\"fg-image-overlay\"><\/span><\/a><figcaption class=\"fg-caption\"><div class=\"fg-caption-inner\"><div class=\"fg-caption-title\">Engel der Zuversicht<\/div><\/div><\/figcaption><\/figure><div class=\"fg-loader\"><\/div><\/div><div class=\"fg-item fg-type-image fg-idle\"><figure class=\"fg-item-inner\"><a href=\"https:\/\/www.astrokreativ.de\/neuastro\/wp-content\/uploads\/2022\/02\/Turmalin2.jpg\" data-caption-title=\"Engel des Herzens\" data-caption-desc=\"Engelanh\u00e4nger aus Turmalin - verkauft!\" data-attachment-id=\"3502\" data-type=\"image\" class=\"fg-thumb\"><span class=\"fg-image-wrap\"><img decoding=\"async\" alt=\"Produktansicht\" title=\"Engel des Herzens\" height=\"150\" width=\"176\" class=\"skip-lazy fg-image\" data-src-fg=\"https:\/\/www.astrokreativ.de\/neuastro\/wp-content\/uploads\/cache\/2022\/02\/Turmalin2\/2919620910.jpg\" src=\"data:image\/svg+xml,%3Csvg%20xmlns%3D%22http%3A%2F%2Fwww.w3.org%2F2000%2Fsvg%22%20width%3D%22176%22%20height%3D%22150%22%20viewBox%3D%220%200%20176%20150%22%3E%3C%2Fsvg%3E\" loading=\"eager\"><\/span><span class=\"fg-image-overlay\"><\/span><\/a><figcaption class=\"fg-caption\"><div class=\"fg-caption-inner\"><div class=\"fg-caption-title\">Engel des Herzens<\/div><\/div><\/figcaption><\/figure><div class=\"fg-loader\"><\/div><\/div><div class=\"fg-item fg-type-image fg-idle\"><figure class=\"fg-item-inner\"><a href=\"https:\/\/www.astrokreativ.de\/neuastro\/wp-content\/uploads\/2022\/05\/Ammonit-Pyrit-Peridot.jpg\" data-caption-title=\"Schutzengel\" data-caption-desc=\"Engel aus einem facettierten Peridot und einem seltenen Ammonit-Pyrit Cabochon- verkauft!\" data-attachment-id=\"3539\" data-type=\"image\" class=\"fg-thumb\"><span class=\"fg-image-wrap\"><img decoding=\"async\" alt=\"Ammonit-Pyrit-Peridot-Engel\" title=\"Schutzengel\" height=\"150\" width=\"180\" class=\"skip-lazy fg-image\" data-src-fg=\"https:\/\/www.astrokreativ.de\/neuastro\/wp-content\/uploads\/cache\/2022\/05\/Ammonit-Pyrit-Peridot\/571514554.jpg\" src=\"data:image\/svg+xml,%3Csvg%20xmlns%3D%22http%3A%2F%2Fwww.w3.org%2F2000%2Fsvg%22%20width%3D%22180%22%20height%3D%22150%22%20viewBox%3D%220%200%20180%20150%22%3E%3C%2Fsvg%3E\" loading=\"eager\"><\/span><span class=\"fg-image-overlay\"><\/span><\/a><figcaption class=\"fg-caption\"><div class=\"fg-caption-inner\"><div class=\"fg-caption-title\">Schutzengel<\/div><\/div><\/figcaption><\/figure><div class=\"fg-loader\"><\/div><\/div><div class=\"fg-item fg-type-image fg-idle\"><figure class=\"fg-item-inner\"><a href=\"https:\/\/www.astrokreativ.de\/neuastro\/wp-content\/uploads\/2022\/05\/Andalusit-Verdelith1.jpg\" data-caption-title=\"Engel der Dankbarkeit\" data-caption-desc=\"Engel aus einem runden facettierten Andalusit und einem gr\u00fcnen Turmalin (Verdelith)- verkauft!\" data-attachment-id=\"3540\" data-type=\"image\" class=\"fg-thumb\"><span class=\"fg-image-wrap\"><img decoding=\"async\" alt=\"Andalusit-Verdelith-Engel\" title=\"Engel der Dankbarkeit\" height=\"150\" width=\"172\" class=\"skip-lazy fg-image\" data-src-fg=\"https:\/\/www.astrokreativ.de\/neuastro\/wp-content\/uploads\/cache\/2022\/05\/Andalusit-Verdelith1\/4071554968.jpg\" src=\"data:image\/svg+xml,%3Csvg%20xmlns%3D%22http%3A%2F%2Fwww.w3.org%2F2000%2Fsvg%22%20width%3D%22172%22%20height%3D%22150%22%20viewBox%3D%220%200%20172%20150%22%3E%3C%2Fsvg%3E\" loading=\"eager\"><\/span><span class=\"fg-image-overlay\"><\/span><\/a><figcaption class=\"fg-caption\"><div class=\"fg-caption-inner\"><div class=\"fg-caption-title\">Engel der Dankbarkeit<\/div><\/div><\/figcaption><\/figure><div class=\"fg-loader\"><\/div><\/div><div class=\"fg-item fg-type-image fg-idle\"><figure class=\"fg-item-inner\"><a href=\"https:\/\/www.astrokreativ.de\/neuastro\/wp-content\/uploads\/2022\/05\/Aquamarin-Beryll.jpg\" data-caption-title=\"Engel der Intuition\" data-caption-desc=\"Engel aus einem runden facettierten Aquamarin und einem klaren blauen Beryll- verkauft!\" data-attachment-id=\"3541\" data-type=\"image\" class=\"fg-thumb\"><span class=\"fg-image-wrap\"><img decoding=\"async\" alt=\"Beryll-Aquamarin-Engel\" title=\"Engel der Intuition\" height=\"150\" width=\"186\" class=\"skip-lazy fg-image\" data-src-fg=\"https:\/\/www.astrokreativ.de\/neuastro\/wp-content\/uploads\/cache\/2022\/05\/Aquamarin-Beryll\/2921917554.jpg\" src=\"data:image\/svg+xml,%3Csvg%20xmlns%3D%22http%3A%2F%2Fwww.w3.org%2F2000%2Fsvg%22%20width%3D%22186%22%20height%3D%22150%22%20viewBox%3D%220%200%20186%20150%22%3E%3C%2Fsvg%3E\" loading=\"eager\"><\/span><span class=\"fg-image-overlay\"><\/span><\/a><figcaption class=\"fg-caption\"><div class=\"fg-caption-inner\"><div class=\"fg-caption-title\">Engel der Intuition<\/div><\/div><\/figcaption><\/figure><div class=\"fg-loader\"><\/div><\/div><div class=\"fg-item fg-type-image fg-idle\"><figure class=\"fg-item-inner\"><a href=\"https:\/\/www.astrokreativ.de\/neuastro\/wp-content\/uploads\/2022\/05\/Chromdiopsid-Ammolit3.jpg\" data-caption-title=\"Erzengel Raphael\" data-caption-desc=\"Engel aus einem runden facettierten Chromdiopsid und einem schillernden gr\u00fcnen Ammolit - verkauft!\" data-attachment-id=\"3542\" data-type=\"image\" class=\"fg-thumb\"><span class=\"fg-image-wrap\"><img decoding=\"async\" alt=\"Chromdiopsid-Ammolit-Engel\" title=\"Erzengel Raphael\" height=\"150\" width=\"166\" class=\"skip-lazy fg-image\" data-src-fg=\"https:\/\/www.astrokreativ.de\/neuastro\/wp-content\/uploads\/cache\/2022\/05\/Chromdiopsid-Ammolit3\/2374497425.jpg\" src=\"data:image\/svg+xml,%3Csvg%20xmlns%3D%22http%3A%2F%2Fwww.w3.org%2F2000%2Fsvg%22%20width%3D%22166%22%20height%3D%22150%22%20viewBox%3D%220%200%20166%20150%22%3E%3C%2Fsvg%3E\" loading=\"eager\"><\/span><span class=\"fg-image-overlay\"><\/span><\/a><figcaption class=\"fg-caption\"><div class=\"fg-caption-inner\"><div class=\"fg-caption-title\">Erzengel Raphael<\/div><\/div><\/figcaption><\/figure><div class=\"fg-loader\"><\/div><\/div><div class=\"fg-item fg-type-image fg-idle\"><figure class=\"fg-item-inner\"><a href=\"https:\/\/www.astrokreativ.de\/neuastro\/wp-content\/uploads\/2022\/05\/Chrysopal-Mondstein2.jpg\" data-caption-title=\"Engel f\u00fcr \ndas innere Kind\" data-caption-desc=\"Engel aus einem blaugr\u00fcnen Chrysopal und einem blauschimmernden Mondstein Cabochon- verkauft!\" data-attachment-id=\"3543\" data-type=\"image\" class=\"fg-thumb\"><span class=\"fg-image-wrap\"><img decoding=\"async\" alt=\"Mondstein-Chrysopal-Engel\" title=\"Engel f\u00fcr \ndas innere Kind\" height=\"150\" width=\"172\" class=\"skip-lazy fg-image\" data-src-fg=\"https:\/\/www.astrokreativ.de\/neuastro\/wp-content\/uploads\/cache\/2022\/05\/Chrysopal-Mondstein2\/1403471031.jpg\" src=\"data:image\/svg+xml,%3Csvg%20xmlns%3D%22http%3A%2F%2Fwww.w3.org%2F2000%2Fsvg%22%20width%3D%22172%22%20height%3D%22150%22%20viewBox%3D%220%200%20172%20150%22%3E%3C%2Fsvg%3E\" loading=\"eager\"><\/span><span class=\"fg-image-overlay\"><\/span><\/a><figcaption class=\"fg-caption\"><div class=\"fg-caption-inner\"><div class=\"fg-caption-title\">Engel f\u00fcr \ndas innere Kind<\/div><\/div><\/figcaption><\/figure><div class=\"fg-loader\"><\/div><\/div><div class=\"fg-item fg-type-image fg-idle\"><figure class=\"fg-item-inner\"><a href=\"https:\/\/www.astrokreativ.de\/neuastro\/wp-content\/uploads\/2022\/05\/Moldavit-Chromdiopsid.jpg\" data-caption-title=\"Engel der \nVerbundenheit\" data-caption-desc=\"Engel aus einem Moldavit Cabochon und einem Chromdiopsid Kristall in Silber gefasst und mit Silberfl\u00fcgeln.- verkauft!\" data-attachment-id=\"3544\" data-type=\"image\" class=\"fg-thumb\"><span class=\"fg-image-wrap\"><img decoding=\"async\" alt=\"Moldavit-Chromdiopsid-Engel\" title=\"Engel der \nVerbundenheit\" height=\"150\" width=\"164\" class=\"skip-lazy fg-image\" data-src-fg=\"https:\/\/www.astrokreativ.de\/neuastro\/wp-content\/uploads\/cache\/2022\/05\/Moldavit-Chromdiopsid\/2552217580.jpg\" src=\"data:image\/svg+xml,%3Csvg%20xmlns%3D%22http%3A%2F%2Fwww.w3.org%2F2000%2Fsvg%22%20width%3D%22164%22%20height%3D%22150%22%20viewBox%3D%220%200%20164%20150%22%3E%3C%2Fsvg%3E\" loading=\"eager\"><\/span><span class=\"fg-image-overlay\"><\/span><\/a><figcaption class=\"fg-caption\"><div class=\"fg-caption-inner\"><div class=\"fg-caption-title\">Engel der \nVerbundenheit<\/div><\/div><\/figcaption><\/figure><div class=\"fg-loader\"><\/div><\/div><div class=\"fg-item fg-type-image fg-idle\"><figure class=\"fg-item-inner\"><a href=\"https:\/\/www.astrokreativ.de\/neuastro\/wp-content\/uploads\/2022\/05\/Mondstein-Aquamarin.jpg\" data-caption-title=\"Engel der Intuition\" data-caption-desc=\"Engel aus einem runden Mondstein und einem Aquamarinkristall- verkauft!\" data-attachment-id=\"3545\" data-type=\"image\" class=\"fg-thumb\"><span class=\"fg-image-wrap\"><img decoding=\"async\" alt=\"Aquamarin-Mondstein-Engel\" title=\"Engel der Intuition\" height=\"150\" width=\"178\" class=\"skip-lazy fg-image\" data-src-fg=\"https:\/\/www.astrokreativ.de\/neuastro\/wp-content\/uploads\/cache\/2022\/05\/Mondstein-Aquamarin\/4083743383.jpg\" src=\"data:image\/svg+xml,%3Csvg%20xmlns%3D%22http%3A%2F%2Fwww.w3.org%2F2000%2Fsvg%22%20width%3D%22178%22%20height%3D%22150%22%20viewBox%3D%220%200%20178%20150%22%3E%3C%2Fsvg%3E\" loading=\"eager\"><\/span><span class=\"fg-image-overlay\"><\/span><\/a><figcaption class=\"fg-caption\"><div class=\"fg-caption-inner\"><div class=\"fg-caption-title\">Engel der Intuition<\/div><\/div><\/figcaption><\/figure><div class=\"fg-loader\"><\/div><\/div><div class=\"fg-item fg-type-image fg-idle\"><figure class=\"fg-item-inner\"><a href=\"https:\/\/www.astrokreativ.de\/neuastro\/wp-content\/uploads\/2022\/05\/Opalengel12.jpg\" data-caption-title=\"Engel der Gef\u00fchle\" data-caption-desc=\"Engel aus einem transparenten schillernden Opal Cabochon und einem Opal Cabochon - verkauft!\" data-attachment-id=\"3547\" data-type=\"image\" class=\"fg-thumb\"><span class=\"fg-image-wrap\"><img decoding=\"async\" alt=\"Opalengel\" title=\"Engel der Gef\u00fchle\" height=\"150\" width=\"179\" class=\"skip-lazy fg-image\" data-src-fg=\"https:\/\/www.astrokreativ.de\/neuastro\/wp-content\/uploads\/cache\/2022\/05\/Opalengel12\/1226463968.jpg\" src=\"data:image\/svg+xml,%3Csvg%20xmlns%3D%22http%3A%2F%2Fwww.w3.org%2F2000%2Fsvg%22%20width%3D%22179%22%20height%3D%22150%22%20viewBox%3D%220%200%20179%20150%22%3E%3C%2Fsvg%3E\" loading=\"eager\"><\/span><span class=\"fg-image-overlay\"><\/span><\/a><figcaption class=\"fg-caption\"><div class=\"fg-caption-inner\"><div class=\"fg-caption-title\">Engel der Gef\u00fchle<\/div><\/div><\/figcaption><\/figure><div class=\"fg-loader\"><\/div><\/div><div class=\"fg-item fg-type-image fg-idle\"><figure class=\"fg-item-inner\"><a href=\"https:\/\/www.astrokreativ.de\/neuastro\/wp-content\/uploads\/2022\/05\/Smaragd2.jpg\" data-caption-title=\"Engel der Heilung\" data-caption-desc=\"Engel aus einem runden facettierten Smaragd und einem leicht durchscheinenden ovalen Smaragd Cabochon- verkauft!\" data-attachment-id=\"3549\" data-type=\"image\" class=\"fg-thumb\"><span class=\"fg-image-wrap\"><img decoding=\"async\" alt=\"Smaragd Engel\" title=\"Engel der Heilung\" height=\"150\" width=\"178\" class=\"skip-lazy fg-image\" data-src-fg=\"https:\/\/www.astrokreativ.de\/neuastro\/wp-content\/uploads\/cache\/2022\/05\/Smaragd2\/2159292633.jpg\" src=\"data:image\/svg+xml,%3Csvg%20xmlns%3D%22http%3A%2F%2Fwww.w3.org%2F2000%2Fsvg%22%20width%3D%22178%22%20height%3D%22150%22%20viewBox%3D%220%200%20178%20150%22%3E%3C%2Fsvg%3E\" loading=\"eager\"><\/span><span class=\"fg-image-overlay\"><\/span><\/a><figcaption class=\"fg-caption\"><div class=\"fg-caption-inner\"><div class=\"fg-caption-title\">Engel der Heilung<\/div><\/div><\/figcaption><\/figure><div class=\"fg-loader\"><\/div><\/div><div class=\"fg-item fg-type-image fg-idle\"><figure class=\"fg-item-inner\"><a href=\"https:\/\/www.astrokreativ.de\/neuastro\/wp-content\/uploads\/2022\/05\/Chromdiopsid-Bergkristall-Engelschmuck.jpg\" data-caption-title=\"Engel der Erkenntnis\" data-caption-desc=\"Engel aus einem runden facettierten Chromdiopsid und einer nat\u00fcrlich gewachsenen Bergkristallspitze\" data-attachment-id=\"3550\" data-type=\"image\" class=\"fg-thumb\"><span class=\"fg-image-wrap\"><img decoding=\"async\" alt=\"Chromdiopsid-Bergkristall-Engel\" title=\"Engel der Erkenntnis\" height=\"150\" width=\"179\" class=\"skip-lazy fg-image\" data-src-fg=\"https:\/\/www.astrokreativ.de\/neuastro\/wp-content\/uploads\/cache\/2022\/05\/Chromdiopsid-Bergkristall-Engelschmuck\/4094670412.jpg\" src=\"data:image\/svg+xml,%3Csvg%20xmlns%3D%22http%3A%2F%2Fwww.w3.org%2F2000%2Fsvg%22%20width%3D%22179%22%20height%3D%22150%22%20viewBox%3D%220%200%20179%20150%22%3E%3C%2Fsvg%3E\" loading=\"eager\"><\/span><span class=\"fg-image-overlay\"><\/span><\/a><figcaption class=\"fg-caption\"><div class=\"fg-caption-inner\"><div class=\"fg-caption-title\">Engel der Erkenntnis<\/div><\/div><\/figcaption><\/figure><div class=\"fg-loader\"><\/div><\/div><div class=\"fg-item fg-type-image fg-idle\"><figure class=\"fg-item-inner\"><a href=\"https:\/\/www.astrokreativ.de\/neuastro\/wp-content\/uploads\/2022\/05\/Labradorit-Hiddenit1.jpg\" data-caption-title=\"Engel der Hingabe\" data-caption-desc=\"Engel aus einem runden Labradorit Cabochon und einem sehr klaren leicht gr\u00fcnlichen Hiddenit-verkauft!\" data-attachment-id=\"3551\" data-type=\"image\" class=\"fg-thumb\"><span class=\"fg-image-wrap\"><img decoding=\"async\" alt=\"Labradorit-Hiddenit-Engel\" title=\"Engel der Hingabe\" height=\"150\" width=\"173\" class=\"skip-lazy fg-image\" data-src-fg=\"https:\/\/www.astrokreativ.de\/neuastro\/wp-content\/uploads\/cache\/2022\/05\/Labradorit-Hiddenit1\/3122429406.jpg\" src=\"data:image\/svg+xml,%3Csvg%20xmlns%3D%22http%3A%2F%2Fwww.w3.org%2F2000%2Fsvg%22%20width%3D%22173%22%20height%3D%22150%22%20viewBox%3D%220%200%20173%20150%22%3E%3C%2Fsvg%3E\" loading=\"eager\"><\/span><span class=\"fg-image-overlay\"><\/span><\/a><figcaption class=\"fg-caption\"><div class=\"fg-caption-inner\"><div class=\"fg-caption-title\">Engel der Hingabe<\/div><\/div><\/figcaption><\/figure><div class=\"fg-loader\"><\/div><\/div><div class=\"fg-item fg-type-image fg-idle\"><figure class=\"fg-item-inner\"><a href=\"https:\/\/www.astrokreativ.de\/neuastro\/wp-content\/uploads\/2022\/05\/Bergkristall-gruener-Beryll.jpg\" data-caption-title=\"Engel der Zuversicht\" data-caption-desc=\"Engel aus einem runden facettierten Bergkristall und einem klaren blaugr\u00fcnen Beryll\" data-attachment-id=\"3552\" data-type=\"image\" class=\"fg-thumb\"><span class=\"fg-image-wrap\"><img decoding=\"async\" alt=\"Bergkristall-gr\u00fcner Beryll Engel\" title=\"Engel der Zuversicht\" height=\"150\" width=\"185\" class=\"skip-lazy fg-image\" data-src-fg=\"https:\/\/www.astrokreativ.de\/neuastro\/wp-content\/uploads\/cache\/2022\/05\/Bergkristall-gruener-Beryll\/208551419.jpg\" src=\"data:image\/svg+xml,%3Csvg%20xmlns%3D%22http%3A%2F%2Fwww.w3.org%2F2000%2Fsvg%22%20width%3D%22185%22%20height%3D%22150%22%20viewBox%3D%220%200%20185%20150%22%3E%3C%2Fsvg%3E\" loading=\"eager\"><\/span><span class=\"fg-image-overlay\"><\/span><\/a><figcaption class=\"fg-caption\"><div class=\"fg-caption-inner\"><div class=\"fg-caption-title\">Engel der Zuversicht<\/div><\/div><\/figcaption><\/figure><div class=\"fg-loader\"><\/div><\/div><div class=\"fg-item fg-type-image fg-idle\"><figure class=\"fg-item-inner\"><a href=\"https:\/\/www.astrokreativ.de\/neuastro\/wp-content\/uploads\/2022\/05\/Perlenengel1.jpg\" data-caption-title=\"Schutzengel\" data-caption-desc=\"Handgefertigter Engel aus Silber mit einer wei\u00dfen Perle - verkauft!\" data-attachment-id=\"3553\" data-type=\"image\" class=\"fg-thumb\"><span class=\"fg-image-wrap\"><img decoding=\"async\" alt=\"Perlenengel\" title=\"Schutzengel\" height=\"150\" width=\"161\" class=\"skip-lazy fg-image\" data-src-fg=\"https:\/\/www.astrokreativ.de\/neuastro\/wp-content\/uploads\/cache\/2022\/05\/Perlenengel1\/892515569.jpg\" src=\"data:image\/svg+xml,%3Csvg%20xmlns%3D%22http%3A%2F%2Fwww.w3.org%2F2000%2Fsvg%22%20width%3D%22161%22%20height%3D%22150%22%20viewBox%3D%220%200%20161%20150%22%3E%3C%2Fsvg%3E\" loading=\"eager\"><\/span><span class=\"fg-image-overlay\"><\/span><\/a><figcaption class=\"fg-caption\"><div class=\"fg-caption-inner\"><div class=\"fg-caption-title\">Schutzengel<\/div><\/div><\/figcaption><\/figure><div class=\"fg-loader\"><\/div><\/div><\/div>\n","protected":false},"excerpt":{"rendered":"<p>Kleine himmlische Kostbarkeiten In dieser Galerie sehen Sie eine Auswahl meiner schon zum Teil verkauften, aber auch noch vorhandenen Engelanh\u00e4nger. Diese einzigartigen Engel sind von mir in liebevoller und geduldiger Hand- und Goldschmiedearbeit entstanden. Jeder kleine Edelsteinanh\u00e4nger ist ein Ausdruck eines bestimmten Engels mit seiner ganz eigenen Art, die ich durch die passenden Edelsteine mit&hellip; <a class=\"more-link\" href=\"https:\/\/www.astrokreativ.de\/neuastro\/engel-anhaenger\"><span class=\"screen-reader-text\">Engel Anh\u00e4nger<\/span> weiterlesen<\/a><\/p>\n","protected":false},"author":1,"featured_media":0,"parent":0,"menu_order":0,"comment_status":"closed","ping_status":"closed","template":"","meta":[],"aioseo_notices":[],"_links":{"self":[{"href":"https:\/\/www.astrokreativ.de\/neuastro\/wp-json\/wp\/v2\/pages\/827"}],"collection":[{"href":"https:\/\/www.astrokreativ.de\/neuastro\/wp-json\/wp\/v2\/pages"}],"about":[{"href":"https:\/\/www.astrokreativ.de\/neuastro\/wp-json\/wp\/v2\/types\/page"}],"author":[{"embeddable":true,"href":"https:\/\/www.astrokreativ.de\/neuastro\/wp-json\/wp\/v2\/users\/1"}],"replies":[{"embeddable":true,"href":"https:\/\/www.astrokreativ.de\/neuastro\/wp-json\/wp\/v2\/comments?post=827"}],"version-history":[{"count":22,"href":"https:\/\/www.astrokreativ.de\/neuastro\/wp-json\/wp\/v2\/pages\/827\/revisions"}],"predecessor-version":[{"id":4359,"href":"https:\/\/www.astrokreativ.de\/neuastro\/wp-json\/wp\/v2\/pages\/827\/revisions\/4359"}],"wp:attachment":[{"href":"https:\/\/www.astrokreativ.de\/neuastro\/wp-json\/wp\/v2\/media?parent=827"}],"curies":[{"name":"wp","href":"https:\/\/api.w.org\/{rel}","templated":true}]}}