{"id":772,"date":"2017-02-13T16:58:26","date_gmt":"2017-02-13T16:58:26","guid":{"rendered":"http:\/\/www.astrokreativ.de\/neuastro\/engel-ketten"},"modified":"2023-03-10T20:04:55","modified_gmt":"2023-03-10T18:04:55","slug":"engel-ketten","status":"publish","type":"page","link":"https:\/\/www.astrokreativ.de\/neuastro\/engel-ketten","title":{"rendered":"Engel Ketten"},"content":{"rendered":"<h4><span style=\"color: #785f14;\">Mit diesen wundersch\u00f6nen Schmuckkreationen sp\u00fcren Sie die Energie der Engel<\/span><\/h4>\n<p><span style=\"color: #333333;\">Die<strong> Engelketten<\/strong> aus Edelsteinperlen enthalten entweder einen Engelanh\u00e4nger, oder auch einen Fl\u00fcgel oder ein Symbol aus Silber.<\/span><\/p>\n<p><span style=\"color: #333333;\">Auch bei den Ketten wird wieder eine Engeleigenart betont, indem die Eigenschaft durch die zugeordneten Heilsteine verst\u00e4rkt wird. Mit so einem besonderen Schmuckst\u00fcck haben Sie immer einen kraftvollen Besch\u00fctzer und liebevollen Begleiter in Ihrer N\u00e4he.<\/span><\/p>\n<p><span style=\"color: #333333;\">Unter den Vergr\u00f6\u00dferungen der Fotos k\u00f6nnen Sie die Namen und die Beschreibungen der Engel und Erzengel und auch die Namen der Edelsteine finden.<\/span><\/p>\n<p><span style=\"color: #333333;\">Mehr Informationen erhalten Sie in meinem <span style=\"color: #800000;\"><a style=\"color: #800000;\" href=\"https:\/\/shop.astrokreativ.de.web12934.greatnet-hosting.de\/\" target=\"_blank\" rel=\"noopener\">Shop<\/a><\/span>, dort k\u00f6nnen Sie auch die aktuelle Kollektion der <strong>Engelketten<\/strong> sehen und bestellen.&nbsp;<\/span><\/p>\n<p>&nbsp;<\/p>\n\n<style type=\"text\/css\">\n#foogallery-gallery-3555.fg-justified .fg-item { margin-right: 4px; margin-bottom: 4px; }\n#foogallery-gallery-3555.fg-justified .fg-image { height: 100px; }<\/style>\n\t\t\t<div class=\"foogallery foogallery-container foogallery-justified foogallery-lightbox-foobox fg-justified fg-ready fg-light fg-shadow-outline fg-loading-default fg-loaded-fade-in fg-hover-scale fg-caption-hover fg-hover-fade fg-transparent-overlays\" id=\"foogallery-gallery-3555\" data-foogallery=\"{&quot;item&quot;:{&quot;showCaptionTitle&quot;:true,&quot;showCaptionDescription&quot;:false},&quot;lazy&quot;:true,&quot;template&quot;:{&quot;rowHeight&quot;:100,&quot;maxRowHeight&quot;:150,&quot;margins&quot;:4,&quot;align&quot;:&quot;center&quot;,&quot;lastRow&quot;:&quot;smart&quot;}}\" style=\"--fg-title-line-clamp: 0; --fg-description-line-clamp: 0;\" >\n\t<div class=\"fg-item fg-type-image fg-idle\"><figure class=\"fg-item-inner\"><a href=\"https:\/\/www.astrokreativ.de\/neuastro\/wp-content\/uploads\/2022\/05\/Citrin-Rutilquarz-Engelkette5.jpg\" data-caption-title=\"Engel des Wohlbefindens\" data-caption-desc=\"Kette aus Citrin-Rondellen mit einem Engel aus Rutilquarz und Citrin - verkauft!\" data-attachment-id=\"3568\" data-type=\"image\" class=\"fg-thumb\"><span class=\"fg-image-wrap\"><img decoding=\"async\" alt=\"Citrin-Rutilquarz-Engelkette\" title=\"Engel des Wohlbefindens\" height=\"150\" width=\"154\" class=\"skip-lazy fg-image\" data-src-fg=\"https:\/\/www.astrokreativ.de\/neuastro\/wp-content\/uploads\/cache\/2022\/05\/Citrin-Rutilquarz-Engelkette5\/1193590884.jpg\" src=\"data:image\/svg+xml,%3Csvg%20xmlns%3D%22http%3A%2F%2Fwww.w3.org%2F2000%2Fsvg%22%20width%3D%22154%22%20height%3D%22150%22%20viewBox%3D%220%200%20154%20150%22%3E%3C%2Fsvg%3E\" loading=\"eager\"><\/span><span class=\"fg-image-overlay\"><\/span><\/a><figcaption class=\"fg-caption\"><div class=\"fg-caption-inner\"><div class=\"fg-caption-title\">Engel des Wohlbefindens<\/div><\/div><\/figcaption><\/figure><div class=\"fg-loader\"><\/div><\/div><div class=\"fg-item fg-type-image fg-idle\"><figure class=\"fg-item-inner\"><a href=\"https:\/\/www.astrokreativ.de\/neuastro\/wp-content\/uploads\/2022\/05\/Erzengel-Zadkiel.jpg\" data-caption-title=\"Erzengel-Zadkiel\" data-caption-desc=\"Edelsteinkette aus Amethyst Rondellen, violetten Lepidolith Kugeln, blauen Tansanit Rondellen, sowie lila, wei\u00dfen und dunklen Perlen - verkauft!\" data-attachment-id=\"3567\" data-type=\"image\" class=\"fg-thumb\"><span class=\"fg-image-wrap\"><img decoding=\"async\" alt=\"Engelkette\" title=\"Erzengel-Zadkiel\" height=\"150\" width=\"205\" class=\"skip-lazy fg-image\" data-src-fg=\"https:\/\/www.astrokreativ.de\/neuastro\/wp-content\/uploads\/cache\/2022\/05\/Erzengel-Zadkiel\/2404343057.jpg\" src=\"data:image\/svg+xml,%3Csvg%20xmlns%3D%22http%3A%2F%2Fwww.w3.org%2F2000%2Fsvg%22%20width%3D%22205%22%20height%3D%22150%22%20viewBox%3D%220%200%20205%20150%22%3E%3C%2Fsvg%3E\" loading=\"eager\"><\/span><span class=\"fg-image-overlay\"><\/span><\/a><figcaption class=\"fg-caption\"><div class=\"fg-caption-inner\"><div class=\"fg-caption-title\">Erzengel-Zadkiel<\/div><\/div><\/figcaption><\/figure><div class=\"fg-loader\"><\/div><\/div><div class=\"fg-item fg-type-image fg-idle\"><figure class=\"fg-item-inner\"><a href=\"https:\/\/www.astrokreativ.de\/neuastro\/wp-content\/uploads\/2022\/05\/Rubellit-Perle1.jpg\" data-caption-title=\"Erzengel Chamuel\" data-caption-desc=\"Die Kette aus rosa Turmalin (Rubellit) mit einem Fl\u00fcgel aus cremefarbener Perle entspricht mit ihren Farben und ihren Energien dem Erzengel Chamuel - verkauft!\" data-attachment-id=\"3566\" data-type=\"image\" class=\"fg-thumb\"><span class=\"fg-image-wrap\"><img decoding=\"async\" alt=\"Rubellit-Perle-Kette\" title=\"Erzengel Chamuel\" height=\"150\" width=\"167\" class=\"skip-lazy fg-image\" data-src-fg=\"https:\/\/www.astrokreativ.de\/neuastro\/wp-content\/uploads\/cache\/2022\/05\/Rubellit-Perle1\/1573219456.jpg\" src=\"data:image\/svg+xml,%3Csvg%20xmlns%3D%22http%3A%2F%2Fwww.w3.org%2F2000%2Fsvg%22%20width%3D%22167%22%20height%3D%22150%22%20viewBox%3D%220%200%20167%20150%22%3E%3C%2Fsvg%3E\" loading=\"eager\"><\/span><span class=\"fg-image-overlay\"><\/span><\/a><figcaption class=\"fg-caption\"><div class=\"fg-caption-inner\"><div class=\"fg-caption-title\">Erzengel Chamuel<\/div><\/div><\/figcaption><\/figure><div class=\"fg-loader\"><\/div><\/div><div class=\"fg-item fg-type-image fg-idle\"><figure class=\"fg-item-inner\"><a href=\"https:\/\/www.astrokreativ.de\/neuastro\/wp-content\/uploads\/2022\/05\/Morganitkette1.jpg\" data-caption-title=\"Engel der Beziehungen\" data-caption-desc=\"Kette aus Morganitrondellen und einem seitlichen Silberfl\u00fcgel mit einem kleinen facettierten rosa Turmalin (Rubellit) - verkauft!\" data-attachment-id=\"3565\" data-type=\"image\" class=\"fg-thumb\"><span class=\"fg-image-wrap\"><img decoding=\"async\" alt=\"Morganit-Rubellit-Kette\" title=\"Engel der Beziehungen\" height=\"150\" width=\"183\" class=\"skip-lazy fg-image\" data-src-fg=\"https:\/\/www.astrokreativ.de\/neuastro\/wp-content\/uploads\/cache\/2022\/05\/Morganitkette1\/244346791.jpg\" src=\"data:image\/svg+xml,%3Csvg%20xmlns%3D%22http%3A%2F%2Fwww.w3.org%2F2000%2Fsvg%22%20width%3D%22183%22%20height%3D%22150%22%20viewBox%3D%220%200%20183%20150%22%3E%3C%2Fsvg%3E\" loading=\"eager\"><\/span><span class=\"fg-image-overlay\"><\/span><\/a><figcaption class=\"fg-caption\"><div class=\"fg-caption-inner\"><div class=\"fg-caption-title\">Engel der Beziehungen<\/div><\/div><\/figcaption><\/figure><div class=\"fg-loader\"><\/div><\/div><div class=\"fg-item fg-type-image fg-idle\"><figure class=\"fg-item-inner\"><a href=\"https:\/\/www.astrokreativ.de\/neuastro\/wp-content\/uploads\/2022\/05\/Pinkopal-Rubellit1.jpg\" data-caption-title=\"Engel des Herzens\" data-caption-desc=\"Pinkopal Kette mit einem Engel aus Rubellit und Pinkopal - verkauft!\" data-attachment-id=\"3564\" data-type=\"image\" class=\"fg-thumb\"><span class=\"fg-image-wrap\"><img decoding=\"async\" alt=\"Pinkopal-Rubellit-Engel\" title=\"Engel des Herzens\" height=\"150\" width=\"171\" class=\"skip-lazy fg-image\" data-src-fg=\"https:\/\/www.astrokreativ.de\/neuastro\/wp-content\/uploads\/cache\/2022\/05\/Pinkopal-Rubellit1\/4247247547.jpg\" src=\"data:image\/svg+xml,%3Csvg%20xmlns%3D%22http%3A%2F%2Fwww.w3.org%2F2000%2Fsvg%22%20width%3D%22171%22%20height%3D%22150%22%20viewBox%3D%220%200%20171%20150%22%3E%3C%2Fsvg%3E\" loading=\"eager\"><\/span><span class=\"fg-image-overlay\"><\/span><\/a><figcaption class=\"fg-caption\"><div class=\"fg-caption-inner\"><div class=\"fg-caption-title\">Engel des Herzens<\/div><\/div><\/figcaption><\/figure><div class=\"fg-loader\"><\/div><\/div><div class=\"fg-item fg-type-image fg-idle\"><figure class=\"fg-item-inner\"><a href=\"https:\/\/www.astrokreativ.de\/neuastro\/wp-content\/uploads\/2022\/05\/Engelkette-Frieden4.jpg\" data-caption-title=\"Engel des Friedens\" data-caption-desc=\"Kette aus Citrin, Rauchquarz, Perlen, Pyrit, gelber Apatit, Prehnit, Hessionit und einem vergoldeten Silber-Fl\u00fcgel nach einem Bildausschnitt mit dem Engel des Friedens aus meinem Acrylbild \u201eHimmel auf Erden\u201c gestaltet. - verkauft!\" data-attachment-id=\"3563\" data-type=\"image\" class=\"fg-thumb\"><span class=\"fg-image-wrap\"><img decoding=\"async\" alt=\"Engelkette\" title=\"Engel des Friedens\" height=\"150\" width=\"173\" class=\"skip-lazy fg-image\" data-src-fg=\"https:\/\/www.astrokreativ.de\/neuastro\/wp-content\/uploads\/cache\/2022\/05\/Engelkette-Frieden4\/3829301405.jpg\" src=\"data:image\/svg+xml,%3Csvg%20xmlns%3D%22http%3A%2F%2Fwww.w3.org%2F2000%2Fsvg%22%20width%3D%22173%22%20height%3D%22150%22%20viewBox%3D%220%200%20173%20150%22%3E%3C%2Fsvg%3E\" loading=\"eager\"><\/span><span class=\"fg-image-overlay\"><\/span><\/a><figcaption class=\"fg-caption\"><div class=\"fg-caption-inner\"><div class=\"fg-caption-title\">Engel des Friedens<\/div><\/div><\/figcaption><\/figure><div class=\"fg-loader\"><\/div><\/div><div class=\"fg-item fg-type-image fg-idle\"><figure class=\"fg-item-inner\"><a href=\"https:\/\/www.astrokreativ.de\/neuastro\/wp-content\/uploads\/2022\/05\/Verbunden-mit-dem-Licht-K.8.jpg\" data-caption-title=\"Verbunden mit dem Licht\" data-caption-desc=\"Engelkette aus Angel Aura, Aqua Aura, Perle, Bernstein, Hessionit, Lepidolith, Verdelith, H\u00e4matin und einem Silber-Fl\u00fcgel nach meinem Acrylbild \u201eVerbunden mit dem Licht\u201c gestaltet. - verkauft!\" data-attachment-id=\"3562\" data-type=\"image\" class=\"fg-thumb\"><span class=\"fg-image-wrap\"><img decoding=\"async\" alt=\"Engelkette\" title=\"Verbunden mit dem Licht\" height=\"150\" width=\"149\" class=\"skip-lazy fg-image\" data-src-fg=\"https:\/\/www.astrokreativ.de\/neuastro\/wp-content\/uploads\/cache\/2022\/05\/Verbunden-mit-dem-Licht-K_8\/3547080144.jpg\" src=\"data:image\/svg+xml,%3Csvg%20xmlns%3D%22http%3A%2F%2Fwww.w3.org%2F2000%2Fsvg%22%20width%3D%22149%22%20height%3D%22150%22%20viewBox%3D%220%200%20149%20150%22%3E%3C%2Fsvg%3E\" loading=\"eager\"><\/span><span class=\"fg-image-overlay\"><\/span><\/a><figcaption class=\"fg-caption\"><div class=\"fg-caption-inner\"><div class=\"fg-caption-title\">Verbunden mit dem Licht<\/div><\/div><\/figcaption><\/figure><div class=\"fg-loader\"><\/div><\/div><div class=\"fg-item fg-type-image fg-idle\"><figure class=\"fg-item-inner\"><a href=\"https:\/\/www.astrokreativ.de\/neuastro\/wp-content\/uploads\/2022\/05\/Schutzengelkette7.jpg\" data-caption-title=\"Schutzengel Fl\u00fcgelkette\" data-caption-desc=\"Kette aus Angel Aura, Bergkristall und wei\u00dfen Perlen passend zu meinem Acryl-Collagebild \u201eSchutzengel\u201c gestaltet. - verkauft!\" data-attachment-id=\"3561\" data-type=\"image\" class=\"fg-thumb\"><span class=\"fg-image-wrap\"><img decoding=\"async\" alt=\"Engelkette\" title=\"Schutzengel Fl\u00fcgelkette\" height=\"150\" width=\"180\" class=\"skip-lazy fg-image\" data-src-fg=\"https:\/\/www.astrokreativ.de\/neuastro\/wp-content\/uploads\/cache\/2022\/05\/Schutzengelkette7\/1471509461.jpg\" src=\"data:image\/svg+xml,%3Csvg%20xmlns%3D%22http%3A%2F%2Fwww.w3.org%2F2000%2Fsvg%22%20width%3D%22180%22%20height%3D%22150%22%20viewBox%3D%220%200%20180%20150%22%3E%3C%2Fsvg%3E\" loading=\"eager\"><\/span><span class=\"fg-image-overlay\"><\/span><\/a><figcaption class=\"fg-caption\"><div class=\"fg-caption-inner\"><div class=\"fg-caption-title\">Schutzengel Fl\u00fcgelkette<\/div><\/div><\/figcaption><\/figure><div class=\"fg-loader\"><\/div><\/div><div class=\"fg-item fg-type-image fg-idle\"><figure class=\"fg-item-inner\"><a href=\"https:\/\/www.astrokreativ.de\/neuastro\/wp-content\/uploads\/2022\/05\/Engel-des-Schmerzes7.jpg\" data-caption-title=\"Engel des Schmerzes\" data-caption-desc=\"Kette aus Angel Aura, Aqua Aura, Perlen, Apatit, Amethyst, Fluorit, Chrysopras und einem Silber-Fl\u00fcgel nach meinem Acrylbild \u201eEngel des Schmerzes\u201c gestaltet.\" data-attachment-id=\"3560\" data-type=\"image\" class=\"fg-thumb\"><span class=\"fg-image-wrap\"><img decoding=\"async\" alt=\"Engelkette\" title=\"Engel des Schmerzes\" height=\"150\" width=\"152\" class=\"skip-lazy fg-image\" data-src-fg=\"https:\/\/www.astrokreativ.de\/neuastro\/wp-content\/uploads\/cache\/2022\/05\/Engel-des-Schmerzes7\/640648736.jpg\" src=\"data:image\/svg+xml,%3Csvg%20xmlns%3D%22http%3A%2F%2Fwww.w3.org%2F2000%2Fsvg%22%20width%3D%22152%22%20height%3D%22150%22%20viewBox%3D%220%200%20152%20150%22%3E%3C%2Fsvg%3E\" loading=\"eager\"><\/span><span class=\"fg-image-overlay\"><\/span><\/a><figcaption class=\"fg-caption\"><div class=\"fg-caption-inner\"><div class=\"fg-caption-title\">Engel des Schmerzes<\/div><\/div><\/figcaption><\/figure><div class=\"fg-loader\"><\/div><\/div><div class=\"fg-item fg-type-image fg-idle\"><figure class=\"fg-item-inner\"><a href=\"https:\/\/www.astrokreativ.de\/neuastro\/wp-content\/uploads\/2022\/05\/Engel_innere-_Kraft_Kette4.jpg\" data-caption-title=\"Engel der inneren Kraft\" data-caption-desc=\"Kette aus Feueropal, Feuerachat, Perle, Karneol, Koralle, Dumortierit und Obsidian nach meinem Acrylbild \u201eEngel der inneren Kraft\u201c gestaltet. - verkauft!\" data-attachment-id=\"3559\" data-type=\"image\" class=\"fg-thumb\"><span class=\"fg-image-wrap\"><img decoding=\"async\" alt=\"Engelkette\" title=\"Engel der inneren Kraft\" height=\"150\" width=\"177\" class=\"skip-lazy fg-image\" data-src-fg=\"https:\/\/www.astrokreativ.de\/neuastro\/wp-content\/uploads\/cache\/2022\/05\/Engel_innere-_Kraft_Kette4\/186182383.jpg\" src=\"data:image\/svg+xml,%3Csvg%20xmlns%3D%22http%3A%2F%2Fwww.w3.org%2F2000%2Fsvg%22%20width%3D%22177%22%20height%3D%22150%22%20viewBox%3D%220%200%20177%20150%22%3E%3C%2Fsvg%3E\" loading=\"eager\"><\/span><span class=\"fg-image-overlay\"><\/span><\/a><figcaption class=\"fg-caption\"><div class=\"fg-caption-inner\"><div class=\"fg-caption-title\">Engel der inneren Kraft<\/div><\/div><\/figcaption><\/figure><div class=\"fg-loader\"><\/div><\/div><div class=\"fg-item fg-type-image fg-idle\"><figure class=\"fg-item-inner\"><a href=\"https:\/\/www.astrokreativ.de\/neuastro\/wp-content\/uploads\/2022\/05\/Engel_der_Gefuehle-Kette7.jpg\" data-caption-title=\"Engel der Gef\u00fchle\" data-caption-desc=\"Kette aus Mondstein, Angel Aura, Perle, Rubellit, Rhodolit, Amethyst und Iolith nach meinem Acrylbild \u201eEngel der Gef\u00fchle\u201c gestaltet. - verkauft!\" data-attachment-id=\"3558\" data-type=\"image\" class=\"fg-thumb\"><span class=\"fg-image-wrap\"><img decoding=\"async\" alt=\"Engelkette\" title=\"Engel der Gef\u00fchle\" height=\"150\" width=\"143\" class=\"skip-lazy fg-image\" data-src-fg=\"https:\/\/www.astrokreativ.de\/neuastro\/wp-content\/uploads\/cache\/2022\/05\/Engel_der_Gefuehle-Kette7\/4146441065.jpg\" src=\"data:image\/svg+xml,%3Csvg%20xmlns%3D%22http%3A%2F%2Fwww.w3.org%2F2000%2Fsvg%22%20width%3D%22143%22%20height%3D%22150%22%20viewBox%3D%220%200%20143%20150%22%3E%3C%2Fsvg%3E\" loading=\"eager\"><\/span><span class=\"fg-image-overlay\"><\/span><\/a><figcaption class=\"fg-caption\"><div class=\"fg-caption-inner\"><div class=\"fg-caption-title\">Engel der Gef\u00fchle<\/div><\/div><\/figcaption><\/figure><div class=\"fg-loader\"><\/div><\/div><div class=\"fg-item fg-type-image fg-idle\"><figure class=\"fg-item-inner\"><a href=\"https:\/\/www.astrokreativ.de\/neuastro\/wp-content\/uploads\/2022\/05\/Labradorit-Mondstein.jpg\" data-caption-title=\"Engel der Gef\u00fchle\" data-caption-desc=\"Engel aus einem wei\u00dfem runden Mondstein Cabochon und einem Labradorit Cabochon - verkauft!\" data-attachment-id=\"3556\" data-type=\"image\" class=\"fg-thumb\"><span class=\"fg-image-wrap\"><img decoding=\"async\" alt=\"Labradorit-Mondstein-Engel\" title=\"Engel der Gef\u00fchle\" height=\"150\" width=\"184\" class=\"skip-lazy fg-image\" data-src-fg=\"https:\/\/www.astrokreativ.de\/neuastro\/wp-content\/uploads\/cache\/2022\/05\/Labradorit-Mondstein\/1326799168.jpg\" src=\"data:image\/svg+xml,%3Csvg%20xmlns%3D%22http%3A%2F%2Fwww.w3.org%2F2000%2Fsvg%22%20width%3D%22184%22%20height%3D%22150%22%20viewBox%3D%220%200%20184%20150%22%3E%3C%2Fsvg%3E\" loading=\"eager\"><\/span><span class=\"fg-image-overlay\"><\/span><\/a><figcaption class=\"fg-caption\"><div class=\"fg-caption-inner\"><div class=\"fg-caption-title\">Engel der Gef\u00fchle<\/div><\/div><\/figcaption><\/figure><div class=\"fg-loader\"><\/div><\/div><\/div>\n\n\n\n<p><\/p>\n","protected":false},"excerpt":{"rendered":"<p>Mit diesen wundersch\u00f6nen Schmuckkreationen sp\u00fcren Sie die Energie der Engel Die Engelketten aus Edelsteinperlen enthalten entweder einen Engelanh\u00e4nger, oder auch einen Fl\u00fcgel oder ein Symbol aus Silber. Auch bei den Ketten wird wieder eine Engeleigenart betont, indem die Eigenschaft durch die zugeordneten Heilsteine verst\u00e4rkt wird. Mit so einem besonderen Schmuckst\u00fcck haben Sie immer einen kraftvollen&hellip; <a class=\"more-link\" href=\"https:\/\/www.astrokreativ.de\/neuastro\/engel-ketten\"><span class=\"screen-reader-text\">Engel Ketten<\/span> weiterlesen<\/a><\/p>\n","protected":false},"author":1,"featured_media":0,"parent":0,"menu_order":0,"comment_status":"closed","ping_status":"closed","template":"","meta":[],"aioseo_notices":[],"_links":{"self":[{"href":"https:\/\/www.astrokreativ.de\/neuastro\/wp-json\/wp\/v2\/pages\/772"}],"collection":[{"href":"https:\/\/www.astrokreativ.de\/neuastro\/wp-json\/wp\/v2\/pages"}],"about":[{"href":"https:\/\/www.astrokreativ.de\/neuastro\/wp-json\/wp\/v2\/types\/page"}],"author":[{"embeddable":true,"href":"https:\/\/www.astrokreativ.de\/neuastro\/wp-json\/wp\/v2\/users\/1"}],"replies":[{"embeddable":true,"href":"https:\/\/www.astrokreativ.de\/neuastro\/wp-json\/wp\/v2\/comments?post=772"}],"version-history":[{"count":22,"href":"https:\/\/www.astrokreativ.de\/neuastro\/wp-json\/wp\/v2\/pages\/772\/revisions"}],"predecessor-version":[{"id":4358,"href":"https:\/\/www.astrokreativ.de\/neuastro\/wp-json\/wp\/v2\/pages\/772\/revisions\/4358"}],"wp:attachment":[{"href":"https:\/\/www.astrokreativ.de\/neuastro\/wp-json\/wp\/v2\/media?parent=772"}],"curies":[{"name":"wp","href":"https:\/\/api.w.org\/{rel}","templated":true}]}}