{"id":41,"date":"2016-12-15T17:53:10","date_gmt":"2016-12-15T17:53:10","guid":{"rendered":"http:\/\/www.astrokreativ.de\/neuastro\/?page_id=41"},"modified":"2023-03-10T20:06:10","modified_gmt":"2023-03-10T18:06:10","slug":"engel-schmuck","status":"publish","type":"page","link":"https:\/\/www.astrokreativ.de\/neuastro\/engel-schmuck","title":{"rendered":"Engel Schmuck"},"content":{"rendered":"<h4><span style=\"color: #785f14;\">Mit diesen Schmuckkreationen bekommen Sie Kontakt zu Ihrem Engel<br><\/span><\/h4>\n<p><span style=\"color: #333333;\">Wundersch\u00f6nen und besonderen<strong> Engelschmuck<\/strong> aus Edelsteinen mit Silberfl\u00fcgeln finden Sie hier in den Foto-Galerien. Diese einzigartigen Schmuckst\u00fccke habe ich nach eigenem Entwurf mit Liebe und Hingabe in geduldiger Goldschmiedearbeit angefertigt.<\/span><\/p>\n<p><span style=\"color: #333333;\">Diese lichtvollen Wesen sind mit unseren f\u00fcnf Sinnen nicht wahrnehmbar, da sie reine Energie sind. Wir k\u00f6nnen sie sp\u00fcren und wenn wir aufmerksam sind, eine Botschaft von ihnen bekommen. Ihre Liebe ist bedingungslos, wir m\u00fcssen uns nur daf\u00fcr \u00f6ffnen.<\/span><\/p>\n<p><span style=\"color: #333333;\">Mit meinen einfach himmlischen <strong>Schmuck Engeln<\/strong> mache ich das nicht Sichtbare sichtbar. Damit k\u00f6nnen Sie leichter die Verbindung zu Ihrem Schutzengel aufnehmen. Dieser Schmuck kann Sie daran erinnern, dass Ihr Engel immer bei Ihnen ist, Sie besch\u00fctzt und mit Liebe umgibt.<\/span><\/p>\n<p><span style=\"color: #333333;\">Lassen Sie sich verzaubern durch die unterschiedlichen Farben und Formen der einzelnen himmlischen Helfer, vielleicht ist genau Ihrer dabei!<\/span><\/p>\n<p><span style=\"color: #785f14;\">Mit leisen Schwingen <\/span><br><span style=\"color: #785f14;\">nur ein Hauch<\/span><br><span style=\"color: #785f14;\">kaum wahrzunehmen<\/span><br><span style=\"color: #785f14;\">sp\u00fcre ich tief in mir.<\/span><br><span style=\"color: #785f14;\">&nbsp;<\/span><br><span style=\"color: #785f14;\">Leicht schweben sie<\/span><br><span style=\"color: #785f14;\">still herbei<\/span><br><span style=\"color: #785f14;\">sind da<\/span><br><span style=\"color: #785f14;\">f\u00fcr mich ganz nah<\/span><br><span style=\"color: #785f14;\">und lichtvoll durchscheinend.<\/span><\/p>\n<h5><span style=\"color: #333333;\">Galerien:<\/span><\/h5>\n\n\n<div class=\"is-layout-flex wp-container-3 wp-block-columns\">\n<div class=\"is-layout-flow wp-block-column\">\n<figure class=\"wp-block-image size-full is-resized is-style-default\"><a href=\"https:\/\/www.astrokreativ.de\/neuastro\/engel-anhaenger\"><img decoding=\"async\" loading=\"lazy\" src=\"https:\/\/www.astrokreativ.de\/neuastro\/wp-content\/uploads\/2021\/10\/Moldavit-Chromdiopsid4.jpg\" alt=\"Produktansicht\" class=\"wp-image-3419\" width=\"200\" height=\"180\" srcset=\"https:\/\/www.astrokreativ.de\/neuastro\/wp-content\/uploads\/2021\/10\/Moldavit-Chromdiopsid4.jpg 1000w, https:\/\/www.astrokreativ.de\/neuastro\/wp-content\/uploads\/2021\/10\/Moldavit-Chromdiopsid4-768x688.jpg 768w\" sizes=\"(max-width: 200px) 100vw, 200px\" \/><\/a><figcaption>Engel Anh\u00e4nger<\/figcaption><\/figure>\n<\/div>\n\n\n\n<div class=\"is-layout-flow wp-block-column\">\n<figure class=\"wp-block-image size-full is-resized is-style-default\"><a href=\"https:\/\/www.astrokreativ.de\/neuastro\/engel-ketten\"><img decoding=\"async\" loading=\"lazy\" src=\"https:\/\/www.astrokreativ.de\/neuastro\/wp-content\/uploads\/2022\/05\/Engelkette-Frieden4.jpg\" alt=\"Engelkette\" class=\"wp-image-3563\" width=\"200\" height=\"180\"\/><\/a><figcaption>Engel Ketten<\/figcaption><\/figure>\n<\/div>\n<\/div>\n\n\n\n<p class=\"wp-elements-ee253727bf10363458cfcf83f939a36f has-link-color\">Meine Engelanh\u00e4nger auch bei <a href=\"https:\/\/www.youtube.com\/channel\/UC215fWh-2E5I71bErlKvqIw\" target=\"_blank\" rel=\"noreferrer noopener\">YouTube<\/a><\/p>\n","protected":false},"excerpt":{"rendered":"<p>Mit diesen Schmuckkreationen bekommen Sie Kontakt zu Ihrem Engel Wundersch\u00f6nen und besonderen Engelschmuck aus Edelsteinen mit Silberfl\u00fcgeln finden Sie hier in den Foto-Galerien. Diese einzigartigen Schmuckst\u00fccke habe ich nach eigenem Entwurf mit Liebe und Hingabe in geduldiger Goldschmiedearbeit angefertigt. Diese lichtvollen Wesen sind mit unseren f\u00fcnf Sinnen nicht wahrnehmbar, da sie reine Energie sind. Wir&hellip; <a class=\"more-link\" href=\"https:\/\/www.astrokreativ.de\/neuastro\/engel-schmuck\"><span class=\"screen-reader-text\">Engel Schmuck<\/span> weiterlesen<\/a><\/p>\n","protected":false},"author":1,"featured_media":0,"parent":0,"menu_order":0,"comment_status":"closed","ping_status":"closed","template":"","meta":[],"aioseo_notices":[],"_links":{"self":[{"href":"https:\/\/www.astrokreativ.de\/neuastro\/wp-json\/wp\/v2\/pages\/41"}],"collection":[{"href":"https:\/\/www.astrokreativ.de\/neuastro\/wp-json\/wp\/v2\/pages"}],"about":[{"href":"https:\/\/www.astrokreativ.de\/neuastro\/wp-json\/wp\/v2\/types\/page"}],"author":[{"embeddable":true,"href":"https:\/\/www.astrokreativ.de\/neuastro\/wp-json\/wp\/v2\/users\/1"}],"replies":[{"embeddable":true,"href":"https:\/\/www.astrokreativ.de\/neuastro\/wp-json\/wp\/v2\/comments?post=41"}],"version-history":[{"count":55,"href":"https:\/\/www.astrokreativ.de\/neuastro\/wp-json\/wp\/v2\/pages\/41\/revisions"}],"predecessor-version":[{"id":4360,"href":"https:\/\/www.astrokreativ.de\/neuastro\/wp-json\/wp\/v2\/pages\/41\/revisions\/4360"}],"wp:attachment":[{"href":"https:\/\/www.astrokreativ.de\/neuastro\/wp-json\/wp\/v2\/media?parent=41"}],"curies":[{"name":"wp","href":"https:\/\/api.w.org\/{rel}","templated":true}]}}