{"id":348,"date":"2017-01-19T18:09:30","date_gmt":"2017-01-19T18:09:30","guid":{"rendered":"http:\/\/www.astrokreativ.de\/neuastro\/?page_id=348"},"modified":"2025-07-19T15:49:49","modified_gmt":"2025-07-19T13:49:49","slug":"impressum","status":"publish","type":"page","link":"https:\/\/www.astrokreativ.de\/neuastro\/impressum","title":{"rendered":"Impressum"},"content":{"rendered":"<div id=\"Layer1\">\n<div class=\"entry-content\">\n<p><span style=\"color: #333333;\">Gabriele Welz<\/span><br \/>\n<span style=\"color: #333333;\">Vulsiekshof 32<\/span><br \/>\n<span style=\"color: #333333;\"> 33619 Bielefeld<\/span><br \/>\n<span style=\"color: #333333;\"> Deutschland<\/span><br \/>\n<span style=\"color: #333333;\"> 0521\/68888<\/span><br \/>\n<span style=\"color: #333333;\"> <a href=\"javascript:DeCryptX('0g2c0b3u2k2g2n2g1x3h2n0z1A2c0s3w0r0o1l2t1f2c2v3l3y202f3h')\">gabrielewelz@astrokreativ.de<\/a><\/span><\/p>\n<p><span style=\"color: #333333;\">USt-IdNr. DE340517341<\/span><\/p>\n<p><span style=\"color: #333333;\">Als Kleinunternehmer (\u00a7 19 UStG) erheben wir keine Umsatzsteuer und weisen diese auch nicht aus.<\/span><\/p>\n<\/div>\n<p><span style=\"color: #333333;\"><strong>Disclaimer<\/strong><\/span><\/p>\n<p><span style=\"color: #333333;\">Die Inhalte meiner Seiten wurden mit gr\u00f6\u00dfter Sorgfalt erstellt. Als Diensteanbieter bin ich f\u00fcr eigene Inhalte auf diesen Seiten nach den allgemeinen Gesetzen verantwortlich. Diensteanbieter sind jedoch nicht verpflichtet, \u00fcbermittelte oder gespeicherte fremde Informationen zu \u00fcberwachen oder nach Umst\u00e4nden zu forschen, die auf eine rechtswidrige T\u00e4tigkeit hinweisen. Verpflichtungen zur Entfernung oder Sperrung der Nutzung von Informationen nach den allgemeinen Gesetzen bleiben hiervon unber\u00fchrt. Eine diesbez\u00fcgliche Haftung ist jedoch erst ab dem Zeitpunkt der Kenntnis einer konkreten Rechtsverletzung m\u00f6glich. Bei Bekanntwerden von entsprechenden Rechtsverletzungen werde ich diese Inhalte umgehend entfernen.<\/span><\/p>\n<p><span style=\"color: #333333;\"><strong>Haftung f\u00fcr Links<\/strong><\/span><\/p>\n<p><span style=\"color: #333333;\">Mein Angebot enth\u00e4lt Links zu externen Webseiten Dritter, auf deren Inhalte ich keinen Einfluss haben. Deshalb kann ich f\u00fcr diese fremden Inhalte auch keine Gew\u00e4hr \u00fcbernehmen. F\u00fcr die Inhalte der verlinkten Seiten ist stets der jeweilige Anbieter oder Betreiber der Seiten verantwortlich. Die verlinkten Seiten wurden zum Zeitpunkt der Verlinkung auf m\u00f6gliche Rechtsverst\u00f6\u00dfe \u00fcberpr\u00fcft. Rechtswidrige Inhalte waren zum Zeitpunkt der Verlinkung nicht erkennbar. Eine permanente inhaltliche Kontrolle der verlinkten Seiten ist jedoch ohne konkrete Anhaltspunkte einer Rechtsverletzung nicht zumutbar. Bei Bekanntwerden von Rechtsverletzungen werde ich derartige Links umgehend entfernen.<\/span><\/p>\n<p><span style=\"color: #333333;\"><strong>Urheberrecht<\/strong><\/span><\/p>\n<p><span style=\"color: #333333;\">Die durch den Seitenbetreiber erstellten Inhalte und Werke auf diesen Seiten unterliegen dem deutschen Urheberrecht. Die Vervielf\u00e4ltigung, Bearbeitung, Verbreitung und jede Art der Verwertung au\u00dferhalb der Grenzen des Urheberrechtes bed\u00fcrfen der schriftlichen Zustimmung des jeweiligen Autors bzw. Erstellers. Downloads und Kopien dieser Seite sind nur f\u00fcr den privaten, nicht kommerziellen Gebrauch gestattet. Soweit die Inhalte auf dieser Seite nicht vom Betreiber erstellt wurden, werden die Urheberrechte Dritter beachtet. Insbesondere werden Inhalte Dritter als solche gekennzeichnet. Sollten Sie trotzdem auf eine Urheberrechtsverletzung aufmerksam werden, bitte ich um einen entsprechenden Hinweis. Bei Bekanntwerden von Rechtsverletzungen werde ich derartige Inhalte umgehend entfernen.<\/span><\/p>\n<\/div>\n","protected":false},"excerpt":{"rendered":"<p>Gabriele Welz Vulsiekshof 32 33619 Bielefeld Deutschland 0521\/68888 <a href=\"javascript:DeCryptX('0g3d2d1s1j1f1m1f3z3h1m2|2B1b1t2v0r0o2m0r1f3d1u3l3y200d2g')\">gabrielewelz@astrokreativ.de<\/a> USt-IdNr. DE340517341 Als Kleinunternehmer (\u00a7 19 UStG) erheben wir keine Umsatzsteuer und weisen diese auch nicht aus. Disclaimer Die Inhalte meiner Seiten wurden mit gr\u00f6\u00dfter Sorgfalt erstellt. Als Diensteanbieter bin ich f\u00fcr eigene Inhalte auf diesen Seiten nach den allgemeinen Gesetzen verantwortlich. Diensteanbieter sind jedoch nicht&hellip; <a class=\"more-link\" href=\"https:\/\/www.astrokreativ.de\/neuastro\/impressum\"><span class=\"screen-reader-text\">Impressum<\/span> weiterlesen<\/a><\/p>\n","protected":false},"author":1,"featured_media":0,"parent":0,"menu_order":0,"comment_status":"closed","ping_status":"closed","template":"","meta":[],"aioseo_notices":[],"_links":{"self":[{"href":"https:\/\/www.astrokreativ.de\/neuastro\/wp-json\/wp\/v2\/pages\/348"}],"collection":[{"href":"https:\/\/www.astrokreativ.de\/neuastro\/wp-json\/wp\/v2\/pages"}],"about":[{"href":"https:\/\/www.astrokreativ.de\/neuastro\/wp-json\/wp\/v2\/types\/page"}],"author":[{"embeddable":true,"href":"https:\/\/www.astrokreativ.de\/neuastro\/wp-json\/wp\/v2\/users\/1"}],"replies":[{"embeddable":true,"href":"https:\/\/www.astrokreativ.de\/neuastro\/wp-json\/wp\/v2\/comments?post=348"}],"version-history":[{"count":9,"href":"https:\/\/www.astrokreativ.de\/neuastro\/wp-json\/wp\/v2\/pages\/348\/revisions"}],"predecessor-version":[{"id":4663,"href":"https:\/\/www.astrokreativ.de\/neuastro\/wp-json\/wp\/v2\/pages\/348\/revisions\/4663"}],"wp:attachment":[{"href":"https:\/\/www.astrokreativ.de\/neuastro\/wp-json\/wp\/v2\/media?parent=348"}],"curies":[{"name":"wp","href":"https:\/\/api.w.org\/{rel}","templated":true}]}}