{"id":339,"date":"2017-01-19T18:06:25","date_gmt":"2017-01-19T18:06:25","guid":{"rendered":"http:\/\/www.astrokreativ.de\/neuastro\/?page_id=339"},"modified":"2023-03-07T18:56:25","modified_gmt":"2023-03-07T16:56:25","slug":"vita","status":"publish","type":"page","link":"https:\/\/www.astrokreativ.de\/neuastro\/vita","title":{"rendered":"Vita"},"content":{"rendered":"\n<div class=\"wp-block-image\"><figure class=\"alignright is-resized\"><a href=\"https:\/\/www.astrokreativ.de\/neuastro\/wp-content\/uploads\/2020\/07\/eigenes-foto7.jpg\"><img decoding=\"async\" loading=\"lazy\" src=\"https:\/\/www.astrokreativ.de\/neuastro\/wp-content\/uploads\/2020\/07\/eigenes-foto7.jpg\" alt=\"Eigenes Foto\" class=\"wp-image-3088\" width=\"242\" height=\"250\" srcset=\"https:\/\/www.astrokreativ.de\/neuastro\/wp-content\/uploads\/2020\/07\/eigenes-foto7.jpg 969w, https:\/\/www.astrokreativ.de\/neuastro\/wp-content\/uploads\/2020\/07\/eigenes-foto7-768x793.jpg 768w\" sizes=\"(max-width: 242px) 100vw, 242px\" \/><\/a><\/figure><\/div>\n\n\n\n<p><span style=\"color: #333333;\">Das Licht der Welt erblickte ich in Dortmund, im damaligen Ruhrpott, wo die Sonnenstrahlen es schwer hatten, sich einen Weg durch den grauen Himmel zu bahnen. Meine Kindheit und Jugend verbrachte ich dann in einer alten M\u00fchle in B\u00fcnde-D\u00fcnne inmitten der Natur.<\/span><br><span style=\"color: #333333;\">Sp\u00e4ter studierte ich in Bielefeld an der FH Visuelle Kommunikation mit dem Schwerpunkt Grafikdesign, wo ich auch heute noch lebe und arbeite.<\/span><br><span style=\"color: #333333;\">Kreativ und k\u00fcnstlerisch t\u00e4tig zu sein ist f\u00fcr mich ein fundamentales Bed\u00fcrfnis.<\/span><br><span style=\"color: #333333;\">Auf der Suche nach dem Licht bin ich durch tiefe Gew\u00e4sser der Seele getaucht, lernte die eigenen Schatten kennen, aber auch die Kostbarkeiten. Dies alles kreativ umzusetzen, was nicht sichtbar und auch nicht mit Worten auszudr\u00fccken ist, diese seelischen und spirituellen Themen inspirieren mich bei meinen gemalten Werken.<\/span><br><span style=\"color: #333333;\">Seit meiner 1. Saturn-Wiederkehr setzte ich mich auf intellektuelle und kreative Art und Weise mit der Astrologie auseinander. Hinzu kam die intensive Besch\u00e4ftigung mit Edelsteinen auf kognitiver und intuitiver Ebene, was zur kreativen Umsetzung astrologischer Symbole in Form von Edelsteinschmuck f\u00fchrte.<\/span><br><span style=\"color: #333333;\">In den letzten Jahren hat sich mein Schwerpunkt verlagert und es entstanden immer mehr Schmuckkreationen durch Umsetzung himmlischer Helfer als Engel.<\/span><br><span style=\"color: #333333;\">Auch bei meinen Kunstwerken liegen mir die Engel besonders am Herzen. Sie haben mir in schwierigen Zeiten sehr viel Trost gegeben und schenken mir im allt\u00e4glichen Leben immer wieder Mut und Freude. Diese lichtvollen Wesen mit Pinsel und Farben auf die Leinwand zu bringen, ist f\u00fcr mich ein gro\u00dfes Anliegen. Inzwischen haben sich schon viele von ihnen in meinem Zuhause versammelt, so dass ich wahrlich von Engeln umgeben bin!<\/span><\/p>\n\n\n\n<p><span style=\"color: #333333;\">Au\u00dferdem fotografiere ich auch lichtvolle Natur- und Edelsteinmotive, die ich als Karten anbiete.<\/span><\/p>\n\n\n\n<p><span style=\"color: #333333;\">Viel Freude mit meiner himmlischen Kunst und meinen Schmuckkreationen <\/span><br><span style=\"color: #333333;\">w\u00fcnscht Gabriele Welz<\/span><\/p>\n","protected":false},"excerpt":{"rendered":"<p>Das Licht der Welt erblickte ich in Dortmund, im damaligen Ruhrpott, wo die Sonnenstrahlen es schwer hatten, sich einen Weg durch den grauen Himmel zu bahnen. Meine Kindheit und Jugend verbrachte ich dann in einer alten M\u00fchle in B\u00fcnde-D\u00fcnne inmitten der Natur.Sp\u00e4ter studierte ich in Bielefeld an der FH Visuelle Kommunikation mit dem Schwerpunkt Grafikdesign,&hellip; <a class=\"more-link\" href=\"https:\/\/www.astrokreativ.de\/neuastro\/vita\"><span class=\"screen-reader-text\">Vita<\/span> weiterlesen<\/a><\/p>\n","protected":false},"author":1,"featured_media":0,"parent":0,"menu_order":0,"comment_status":"closed","ping_status":"closed","template":"","meta":[],"aioseo_notices":[],"_links":{"self":[{"href":"https:\/\/www.astrokreativ.de\/neuastro\/wp-json\/wp\/v2\/pages\/339"}],"collection":[{"href":"https:\/\/www.astrokreativ.de\/neuastro\/wp-json\/wp\/v2\/pages"}],"about":[{"href":"https:\/\/www.astrokreativ.de\/neuastro\/wp-json\/wp\/v2\/types\/page"}],"author":[{"embeddable":true,"href":"https:\/\/www.astrokreativ.de\/neuastro\/wp-json\/wp\/v2\/users\/1"}],"replies":[{"embeddable":true,"href":"https:\/\/www.astrokreativ.de\/neuastro\/wp-json\/wp\/v2\/comments?post=339"}],"version-history":[{"count":16,"href":"https:\/\/www.astrokreativ.de\/neuastro\/wp-json\/wp\/v2\/pages\/339\/revisions"}],"predecessor-version":[{"id":4298,"href":"https:\/\/www.astrokreativ.de\/neuastro\/wp-json\/wp\/v2\/pages\/339\/revisions\/4298"}],"wp:attachment":[{"href":"https:\/\/www.astrokreativ.de\/neuastro\/wp-json\/wp\/v2\/media?parent=339"}],"curies":[{"name":"wp","href":"https:\/\/api.w.org\/{rel}","templated":true}]}}