{"id":333,"date":"2017-01-19T17:49:21","date_gmt":"2017-01-19T17:49:21","guid":{"rendered":"http:\/\/www.astrokreativ.de\/neuastro\/?page_id=333"},"modified":"2023-03-10T20:10:33","modified_gmt":"2023-03-10T18:10:33","slug":"heilstein-analyse","status":"publish","type":"page","link":"https:\/\/www.astrokreativ.de\/neuastro\/heilstein-analyse","title":{"rendered":"Astrologische Heilsteinanalyse"},"content":{"rendered":"\n<h5><span style=\"color: #000000;\"><span style=\"color:#785f14\" class=\"has-inline-color\">Astrologische Analyse mit zugeordneten Heilsteinen<\/span><\/span><\/h5>\n\n\n\n<p><span style=\"color: #333333;\">Die von mir geschriebene Computeranalyse beschreibt die Konstellationen des Geburtshoroskopes in Verbindung mit den passenden Heilsteinen.<\/span><\/p>\n\n\n\n<div class=\"wp-block-image wp-image-2072\"><figure class=\"alignright\"><img decoding=\"async\" loading=\"lazy\" width=\"350\" height=\"350\" src=\"https:\/\/www.astrokreativ.de\/neuastro\/wp-content\/uploads\/2017\/01\/Heilsteinhoroskop2.jpg\" alt=\"Astrologisches Heilsteine Horoskop\" class=\"wp-image-2072\"\/><figcaption><span style=\"color: #333333;\">Astrologisches Heilsteine Horoskop<\/span><\/figcaption><\/figure><\/div>\n\n\n\n<p><span style=\"color: #333333;\">Die Heilsteine habe ich so ausgew\u00e4hlt, dass sie die positiven Qualit\u00e4ten und Eigenschaften der Konstellationen im Horoskop vermitteln. Die aufgef\u00fchrten Heilsteine k\u00f6nnen dabei unterst\u00fctzen, die Aspekte der Pers\u00f6nlichkeit zu entwickeln und ihrem Wesen nach auszudr\u00fccken.<\/span><\/p>\n\n\n\n<p><span style=\"color: #333333;\"><strong>Teil 1 Heilsteine und Radixplaneten<\/strong> &#8211; Auswahl der entsprechenden Heilsteine zu den pers\u00f6nlichen Radix-Konstellationen<\/span><br><span style=\"color: #333333;\"><strong>Teil 2 H\u00e4userspitzen in Zeichen<\/strong> &#8211; Heilsteinhilfen in den 12 wichtigsten Lebensbereichen (H\u00e4userspitzen) des Alltags:<\/span><br><span style=\"color: #333333;\">Wie trete ich auf? &#8211; 1. Haus (Aszendent)<\/span><br><span style=\"color: #333333;\">Wo liegt mein Selbstwert? &#8211; 2. Haus<\/span><br><span style=\"color: #333333;\">Wo und wie erziele ich Aufmerksamkeit? &#8211; 3. Haus<\/span><br><span style=\"color: #333333;\">Wie finde ich Geborgenheit? &#8211; 4. Haus (Imum Coeli)<\/span><br><span style=\"color: #333333;\">Wie lebe ich kreativ? &#8211; 5. Haus<\/span><br><span style=\"color: #333333;\">Wie mache ich mich dienlich? &#8211; 6. Haus<\/span><br><span style=\"color: #333333;\">Bei wem finde ich meine Erg\u00e4nzung? &#8211; 7. Haus (Deszendent)<\/span><br><span style=\"color: #333333;\">Wie mu\u00df ich mich wandeln? &#8211; 8. Haus<\/span><br><span style=\"color: #333333;\">Wie finde ich Sinnhaftigkeit? &#8211; 9. Haus<\/span><br><span style=\"color: #333333;\">Wo und wie werde ich erfolgreich? &#8211; 10. Haus (Medium Coeli)<\/span><br><span style=\"color: #333333;\">Wie finde ich Inspiration? &#8211; 11. Haus<\/span><br><span style=\"color: #333333;\">Wie finde ich Erl\u00f6sung? &#8211; 12. Haus<\/span><\/p>\n\n\n\n<p><span style=\"color: #333333;\">Der Deutungstext &#8222;<strong>Astrologische Heilsteinanalyse<\/strong>&#8220; ist vor allem in Verbindung mit den passenden Steinen ein sch\u00f6nes, au\u00dfergew\u00f6hnliches Geschenk.<\/span><\/p>\n\n\n\n<p><span style=\"color: #333333;\">In meinem<\/span> <a href=\"https:\/\/shop.astrokreativ.de.web12934.greatnet-hosting.de\/produkt-kategorie\/horoskopanalysen\" target=\"_blank\" rel=\"noopener\" title=\"\"><span style=\"color:#800000\" class=\"has-inline-color\">Shop<\/span><\/a> <span style=\"color: #333333;\">k\u00f6nnen Sie die Heilsteinanalyse bestellen.<\/span><\/p>\n\n\n\n<p><a href=\"https:\/\/www.astrokreativ.de\/neuastro\/wp-content\/uploads\/2017\/05\/Heilsteinanalyse-Katharine-Hepburn.pdf\">Leseprobe Astrologische Heilsteinanalyse<\/a><\/p>\n\n\n\n<h5><span style=\"color:#785f14\" class=\"has-inline-color\">Astrologische Pers\u00f6nlichkeitsanalyse<\/span><\/h5>\n\n\n\n<p><span style=\"color:#333333\" class=\"has-inline-color\">Wer mehr \u00fcber sein Geburtshoroskop erfahren m\u00f6chte, dem biete ich<\/span><br><span style=\"color:#333333\" class=\"has-inline-color\">schriftliche Horoskopanalysen von der Schweizer Astrologin Anita Cortesi an.<br>Ihre psychologischen Texte sind sehr hochwertig!<\/span><\/p>\n\n\n\n<p><span style=\"color:#333333\" class=\"has-inline-color\">In meinem<\/span> <a href=\"https:\/\/shop.astrokreativ.de.web12934.greatnet-hosting.de\/produkt-kategorie\/horoskopanalysen\" target=\"_blank\" rel=\"noopener\" title=\"\"><span style=\"color:#800000\" class=\"has-inline-color\">Shop<\/span><\/a> <span style=\"color:#333333\" class=\"has-inline-color\">k\u00f6nnen Sie die Astrologische Pers\u00f6nlichkeitsanalyse bestellen.<\/span><\/p>\n\n\n\n<p><span style=\"color: #333333;\"><\/span><\/p>\n\n\n\n<p><span style=\"border-radius: 2px; text-indent: 20px; width: auto; padding: 0px 4px 0px 0px; text-align: center; font: bold 11px\/20px 'Helvetica Neue',Helvetica,sans-serif; color: #ffffff; background: #bd081c no-repeat scroll 3px 50% \/ 14px 14px; position: absolute; opacity: 1; z-index: 8675309; display: none; cursor: pointer;\">Merken<\/span><a href=\"https:\/\/www.astrokreativ.de\/neuastro\/wp-content\/uploads\/2017\/05\/Radixanalyse-Yoko-Ono.pdf\" target=\"_blank\" rel=\"noopener\" title=\"\">Leseprobe Astrologische Pers\u00f6nlichkeitsanalyse<\/a><\/p>\n\n\n\n<p><span style=\"border-radius: 2px; text-indent: 20px; width: auto; padding: 0px 4px 0px 0px; text-align: center; font: bold 11px\/20px 'Helvetica Neue',Helvetica,sans-serif; color: #ffffff; background: #bd081c no-repeat scroll 3px 50% \/ 14px 14px; position: absolute; opacity: 1; z-index: 8675309; display: none; cursor: pointer; top: 645px; left: 20px;\">Merken<\/span><\/p>\n\n\n\n<p><span style=\"border-radius: 2px; text-indent: 20px; width: auto; padding: 0px 4px 0px 0px; text-align: center; font: bold 11px\/20px 'Helvetica Neue',Helvetica,sans-serif; color: #ffffff; background: #bd081c no-repeat scroll 3px 50% \/ 14px 14px; position: absolute; opacity: 1; z-index: 8675309; display: none; cursor: pointer; top: 645px; left: 20px;\">Merken<\/span><\/p>\n\n\n\n<p><span style=\"border-radius: 2px; text-indent: 20px; width: auto; padding: 0px 4px 0px 0px; text-align: center; font: bold 11px\/20px 'Helvetica Neue',Helvetica,sans-serif; color: #ffffff; background: #bd081c no-repeat scroll 3px 50% \/ 14px 14px; position: absolute; opacity: 1; z-index: 8675309; display: none; cursor: pointer; top: 125px; left: 795px;\">Merken<\/span><\/p>\n","protected":false},"excerpt":{"rendered":"<p>Astrologische Analyse mit zugeordneten Heilsteinen Die von mir geschriebene Computeranalyse beschreibt die Konstellationen des Geburtshoroskopes in Verbindung mit den passenden Heilsteinen. Die Heilsteine habe ich so ausgew\u00e4hlt, dass sie die positiven Qualit\u00e4ten und Eigenschaften der Konstellationen im Horoskop vermitteln. Die aufgef\u00fchrten Heilsteine k\u00f6nnen dabei unterst\u00fctzen, die Aspekte der Pers\u00f6nlichkeit zu entwickeln und ihrem Wesen nach&hellip; <a class=\"more-link\" href=\"https:\/\/www.astrokreativ.de\/neuastro\/heilstein-analyse\"><span class=\"screen-reader-text\">Astrologische Heilsteinanalyse<\/span> weiterlesen<\/a><\/p>\n","protected":false},"author":1,"featured_media":0,"parent":0,"menu_order":0,"comment_status":"closed","ping_status":"closed","template":"","meta":[],"aioseo_notices":[],"_links":{"self":[{"href":"https:\/\/www.astrokreativ.de\/neuastro\/wp-json\/wp\/v2\/pages\/333"}],"collection":[{"href":"https:\/\/www.astrokreativ.de\/neuastro\/wp-json\/wp\/v2\/pages"}],"about":[{"href":"https:\/\/www.astrokreativ.de\/neuastro\/wp-json\/wp\/v2\/types\/page"}],"author":[{"embeddable":true,"href":"https:\/\/www.astrokreativ.de\/neuastro\/wp-json\/wp\/v2\/users\/1"}],"replies":[{"embeddable":true,"href":"https:\/\/www.astrokreativ.de\/neuastro\/wp-json\/wp\/v2\/comments?post=333"}],"version-history":[{"count":56,"href":"https:\/\/www.astrokreativ.de\/neuastro\/wp-json\/wp\/v2\/pages\/333\/revisions"}],"predecessor-version":[{"id":4366,"href":"https:\/\/www.astrokreativ.de\/neuastro\/wp-json\/wp\/v2\/pages\/333\/revisions\/4366"}],"wp:attachment":[{"href":"https:\/\/www.astrokreativ.de\/neuastro\/wp-json\/wp\/v2\/media?parent=333"}],"curies":[{"name":"wp","href":"https:\/\/api.w.org\/{rel}","templated":true}]}}