{"id":2408,"date":"2018-01-18T17:10:56","date_gmt":"2018-01-18T15:10:56","guid":{"rendered":"http:\/\/www.astrokreativ.de\/neuastro\/?page_id=2408"},"modified":"2023-12-08T18:49:08","modified_gmt":"2023-12-08T16:49:08","slug":"datenschutz","status":"publish","type":"page","link":"https:\/\/www.astrokreativ.de\/neuastro\/datenschutz","title":{"rendered":"Datenschutzerkl\u00e4rung"},"content":{"rendered":"<p><strong><span style=\"color: #333333;\">Privatsph\u00e4re-Einstellungen<\/span> <\/strong><\/p>\n<ul>\n<li><a  href=\"#consent-change\" role=\"button\" id=\"rcb-sc-link-change\" data-success-message=\"\" class=\"rcb-sc-link rcb-sc-link-change \">Privatsph\u00e4re-Einstellungen \u00e4ndern<\/a><\/li>\n<li><a  href=\"#consent-history\" role=\"button\" id=\"rcb-sc-link-history\" data-success-message=\"\" class=\"rcb-sc-link rcb-sc-link-history \">Historie der Privatsph\u00e4re-Einstellungen<\/a><\/li>\n<li><a  href=\"#consent-revoke\" role=\"button\" id=\"rcb-sc-link-revoke\" data-success-message=\"Sie haben die Einwilligung erfolgreich widerrufen. Die Seite wird nun neu geladen.\" class=\"rcb-sc-link rcb-sc-link-revoke \">Einwilligungen widerrufen<\/a><\/li>\n<\/ul>\n<p><span style=\"color: #333333;\">Wir nehmen den Schutz Ihrer pers\u00f6nlichen Daten ernst und halten uns an die Regeln der jeweils geltenden Datenschutzgesetze, insbesondere EU-Datenschutzgrundverordnung (EU-DSGVO) und Bundesdatenschutzgesetz (BDSG), sowie dieser Datenschutzerkl\u00e4rung. Wir verarbeiten personenbezogene Daten unserer Nutzer nur, soweit diese zur Bereitstellung einer funktionsf\u00e4higen Website sowie unserer Inhalte, Leistungen, Angebote etc. erforderlich sind.<\/span><\/p>\n<p><span style=\"color: #333333;\">Personenbezogene Daten sind alle Informationen, die sich auf eine identifizierte oder identifizierbare nat\u00fcrliche Person beziehen.<\/span><\/p>\n<p><span style=\"color: #333333;\">Die Datenschutzerkl\u00e4rung gibt Ihnen einen \u00dcberblick dar\u00fcber, welche Art von personenbezogenen Daten zu welchem Zweck verarbeitet werden. Ferner wird in dieser Datenschutzerkl\u00e4rung angegeben, wie wir den Schutz Ihrer personenbezogenen Daten sicherstellen.<\/span><\/p>\n<ol>\n<li><span style=\"color: #333333;\"><strong> Name und Kontaktdaten des f\u00fcr die Verarbeitung Verantwortlichen<\/strong><\/span><\/li>\n<\/ol>\n<p><span style=\"color: #333333;\">Diese Datenschutz-Information gilt f\u00fcr die Datenverarbeitung durch:<\/span><\/p>\n<p><span style=\"color: #333333;\">Verantwortlicher:<\/span><\/p>\n<p><span style=\"color: #333333;\"><em>Gabriele Welz<\/em><\/span><br \/>\n<span style=\"color: #333333;\"> <em>Vulsiekshof 32<\/em><\/span><br \/>\n<span style=\"color: #333333;\"> <em>33619 Bielefeld<\/em><\/span><br \/>\n<span style=\"color: #333333;\"> <em>Telefon: 0521\/68888<\/em><\/span><br \/>\n<span style=\"color: #333333;\"> <em>E-Mail: <a href=\"javascript:DeCryptX('1h3d0b1s3l0e1m2g2y1f0l3}2B1b3v2v2t3r2m3u3h0a0t0i1w203g3h')\">gabrielewelz@astrokreativ.de<\/a><\/em><\/span><br \/>\n<span style=\"color: #333333;\"> <em>Website: <\/em>https:\/\/www.astrokreativ.de<\/span><\/p>\n<ol start=\"3\">\n<li style=\"list-style-type: none;\">\n<ol start=\"3\">\n<li><span style=\"color: #333333;\"><strong> Erhebung und Speicherung personenbezogener Daten sowie Art und Zweck von deren Verwendung<\/strong><\/span><\/li>\n<\/ol>\n<\/li>\n<\/ol>\n<p><span style=\"color: #333333;\"><strong>a) Bei dem Besuch unserer Website<\/strong><\/span><\/p>\n<p><span style=\"color: #333333;\">Sie k\u00f6nnen unsere Website https:\/\/www.astrokreativ.de besuchen, ohne dass Sie uns Informationen zu Ihrer Person (wer Sie sind) mitteilen m\u00fcssen.<\/span><\/p>\n<p><span style=\"color: #333333;\">Bei einer solchen rein informatorischen Nutzung unserer Website, d.h., wenn Sie sich nicht registrieren oder uns anderweitig Informationen zu Ihrer Person \u00fcbermitteln, erheben wir nur die personenbezogenen Daten, die Ihr Browser an unseren Server \u00fcbermittelt. Bei einem Aufrufen unserer Website https:\/\/www.astrokreativ.de werden durch den auf Ihrem Endger\u00e4t zum Einsatz kommenden Browser automatisch Informationen an den Server unserer Website gesendet. Diese Informationen werden tempor\u00e4r in einem sog. Logfile gespeichert. Folgende Informationen werden dabei ohne Ihr Zutun erfasst und bis zur automatisierten L\u00f6schung gespeichert:<\/span><\/p>\n<ul>\n<li><span style=\"color: #333333;\">IP-Adresse des anfragenden Rechners,<\/span><\/li>\n<li><span style=\"color: #333333;\">Datum und Uhrzeit des Zugriffs,<\/span><\/li>\n<li><span style=\"color: #333333;\">Name und URL der abgerufenen Datei,<\/span><\/li>\n<li><span style=\"color: #333333;\">Website, von der aus der Zugriff erfolgt (Referrer-URL),<\/span><\/li>\n<li><span style=\"color: #333333;\">verwendeter Browser und ggf. das Betriebssystem Ihres Rechners sowie der Name Ihres Access-Providers, Sprache und Version der Browsersoftware<\/span><\/li>\n<\/ul>\n<p><span style=\"color: #333333;\">Die genannten Daten werden durch uns zu folgenden Zwecken verarbeitet:<\/span><\/p>\n<ul>\n<li><span style=\"color: #333333;\">Gew\u00e4hrleistung eines reibungslosen Verbindungsaufbaus der Website,<\/span><\/li>\n<li><span style=\"color: #333333;\">Gew\u00e4hrleistung einer komfortablen Nutzung unserer Website,<\/span><\/li>\n<li><span style=\"color: #333333;\">Auswertung der Systemsicherheit und -stabilit\u00e4t sowie<\/span><\/li>\n<li><span style=\"color: #333333;\">zu weiteren administrativen Zwecken.<\/span><\/li>\n<\/ul>\n<p><span style=\"color: #333333;\">Die Rechtsgrundlage f\u00fcr die Datenverarbeitung ist Art.\u00a06 Abs.\u00a01 S.\u00a01 lit.\u00a0f) EU-DSGVO. Unser berechtigtes Interesse folgt aus oben aufgelisteten Zwecken zur Datenerhebung. In keinem Fall verwenden wir die erhobenen Daten zu dem Zweck, R\u00fcckschl\u00fcsse auf Ihre Person zu ziehen.<\/span><\/p>\n<p><span style=\"color: #333333;\">Dar\u00fcber hinaus setzen wir beim Besuch unserer Website Cookies ein. Cookies richten auf Ihrem Rechner keinen Schaden an und enthalten keine Viren. N\u00e4here Erl\u00e4uterungen dazu erhalten Sie unter der Ziffer 5 dieser Datenschutzerkl\u00e4rung.<\/span><\/p>\n<p><span style=\"color: #333333;\"><strong>b) Bei Nutzung unseres Webshops<br \/>\n<\/strong><\/span><\/p>\n<p><span style=\"color: #333333;\">Bei Nutzung unseres Webshops https:\/\/shop.astrokreativ.de.web12934.greatnet-hosting.de\/, z.B. durch die Abgabe Ihrer Angebote, durch Ihre Annahme unserer Angebote, durch Ihre Registrierung oder durch sonstige Kommunikation, verarbeiten wir die von Ihnen angegebenen personenbezogenen Daten ausschlie\u00dflich zu dem Zweck der Vertragsanbahnung oder Vertragserf\u00fcllung.<\/span><\/p>\n<p><span style=\"color: #333333;\">Die Rechtsgrundlage f\u00fcr die Datenverarbeitung ist Art.\u00a06 Abs.\u00a01 S.\u00a01 lit.\u00a0b) EU-DSGVO. Hiernach ist die Datenverarbeitung zum Abschluss oder zur Erf\u00fcllung eines Vertrages, dessen Vertragspartei die betroffene Person ist, oder zur Durchf\u00fchrung vorvertraglicher Ma\u00dfnahmen, die auf Anfrage der betroffenen Person erfolgen, erforderlich.<\/span><\/p>\n<p><span style=\"color: #333333;\">Bei der Nutzung unseres Webshops werden folgende von Ihnen \u00fcbermittelten personenbezogenen Daten von uns verarbeitet:<\/span><\/p>\n<ul>\n<li><span style=\"color: #333333;\">Vor- und Nachname (bei Unternehmen: Firma)<\/span><\/li>\n<li><span style=\"color: #333333;\">Anschrift<\/span><\/li>\n<li><span style=\"color: #333333;\">Telefonnummer (Festnetznummer und\/oder Mobilfunknummer)<\/span><\/li>\n<li><span style=\"color: #333333;\">E-Mail-Adresse<\/span><\/li>\n<li><span style=\"color: #333333;\">IBAN (nur sofern zur Abwicklung der Zahlungen erforderlich)<\/span><\/li>\n<li><span style=\"color: #333333;\">Geburtsdatum, Geburtsort und Geburtszeit (bei Bestellungen von Horoskopanalysen)<\/span><\/li>\n<\/ul>\n<p><span style=\"color: #333333;\">Die Verarbeitung dieser Daten erfolgt zu dem Zweck der Erf\u00fcllung der vertraglichen Verpflichtungen, insbesondere zur Versendung der Ware, zur Abwicklung der Bezahlung inkl. Rechnungsstellung, zur Bearbeitung evtl. Gew\u00e4hrleistungsanspr\u00fcche sowie zu jedweder jeweils damit zusammenh\u00e4ngender Korrespondenz mit Ihnen.<\/span><\/p>\n<p><span style=\"color: #333333;\">Sie k\u00f6nnen ferner freiwillig ein Kundenkonto anlegen, in dem wir Ihre personenbezogenen Daten f\u00fcr sp\u00e4tere weitere Eink\u00e4ufe speichern k\u00f6nnen. Bei Anlegung eines Accounts unter \u201eMein Konto\u201c werden die dort von Ihnen angegebenen Daten widerruflich gespeichert. Alle weiteren Daten, inklusive Ihres Nutzerkontos, k\u00f6nnen Sie im Kundenbereich stets l\u00f6schen.\u00a0<\/span><\/p>\n<ol start=\"4\">\n<li><span style=\"color: #333333;\"><strong> Weitergabe von Daten an Dritte<\/strong><\/span><\/li>\n<\/ol>\n<p><span style=\"color: #333333;\">Eine \u00dcbermittlung Ihrer personenbezogenen Daten an Dritte zu anderen als den im Folgenden aufgef\u00fchrten Zwecken findet nicht statt. Insbesondere erfolgt, ohne Ihre ausdr\u00fcckliche Einwilligung, keine Weitergabe an Dritte, z.B. zu Zwecken der Werbung.<\/span><\/p>\n<p><span style=\"color: #333333;\">Wir geben Ihre pers\u00f6nlichen Daten nur an Dritte weiter, wenn:<\/span><\/p>\n<ul>\n<li><span style=\"color: #333333;\">Sie Ihre nach Art.\u00a06 Abs.\u00a01 S.\u00a01 lit.\u00a0a) EU-DSGVO ausdr\u00fcckliche Einwilligung dazu erteilt haben;<\/span><\/li>\n<li><span style=\"color: #333333;\">dies nach Art.\u00a06 Abs.\u00a01 S.\u00a01 lit.\u00a0b) EU-DSGVO f\u00fcr die Abwicklung von Vertragsverh\u00e4ltnissen mit Ihnen erforderlich ist, z.B. an Kreditinstitute zur Abwicklung der vertraglich vereinbarten Zahlungen, an Versand- und Transportunternehmen zu Zwecken des Warentransportes inkl. der Sendungsverfolgung, bei Nichterf\u00fcllung von vertraglich vereinbarten Zahlungen zu Zwecken der Rechtsdurchsetzung an Rechtsanw\u00e4lte und Rechtsdienstleistungsunternehmen;<\/span><\/li>\n<li><span style=\"color: #333333;\">f\u00fcr den Fall, dass f\u00fcr die Weitergabe nach Art.\u00a06 Abs.\u00a01 S.\u00a01 lit.\u00a0c) EU-DSGVO eine gesetzliche Verpflichtung besteht; oder<\/span><\/li>\n<li><span style=\"color: #333333;\">die Weitergabe nach Art.\u00a06 Abs.\u00a01 S.\u00a01 lit.\u00a0f) EU-DSGVO zur Geltendmachung, Aus\u00fcbung oder Verteidigung von Rechtsanspr\u00fcchen erforderlich ist und kein Grund zur Annahme besteht, dass Sie ein \u00fcberwiegendes schutzw\u00fcrdiges Interesse an der Nichtweitergabe Ihrer Daten haben.<\/span><\/li>\n<li><span style=\"color: #333333;\">Wir bieten u.a. die Bezahlung via PayPal an. Anbieter dieses Zahlungsdienstes ist die Fa. PayPal (Europe) S.\u00e0.r.l. et Cie, S.C.A., 22-24 Boulevard Royal, L-2449 Luxembourg, (kurz: \u201ePayPal\u201c). Sofern Sie Zahlungen mittels PayPal vornehmen wollen, geben wir im Rahmen der vertraglichen Zahlungsabwicklung (Art. 6 Abs. 1 S. 1 lit. b) EU-DSGVO) Ihre folgenden personenbezogenen Daten (Anrede, Vor- und Nachname, bei Unternehmen: Firma, Anschrift (Stra\u00dfe, Hausnummer, Postleitzahl, Ort, Land), Telefonnummer (Festnetznummer und\/oder Mobilfunknummer) und E-Mail-Adresse) an PayPal weiter. Weitere Informationen zu der Verarbeitung dieser personenbezogenen Daten durch PayPal finden Sie in den PayPal-Datenschutzgrunds\u00e4tzen, die unter <a style=\"color: #333333;\" href=\"https:\/\/www.paypal.com\/de\/webapps\/mpp\/ua\/privacy-full\" target=\"_blank\" rel=\"noopener noreferrer\">https:\/\/www.paypal.com\/de\/webapps\/mpp\/ua\/privacy-full<\/a> abrufbar sind.<\/span><\/li>\n<li><\/li>\n<\/ul>\n<ol start=\"5\">\n<li><span style=\"color: #333333;\"><strong> Cookies<\/strong><\/span><\/li>\n<\/ol>\n<p><span style=\"color: #333333;\">Wir setzen auf unserer Seite Cookies ein. Hierbei handelt es sich um kleine Textdateien, die \u00fcber Ihren Internetbrowser automatisch erstellt und die auf Ihrem Endger\u00e4t (z.B. PC, Laptop, Tablet, Smartphone o.\u00e4.) gespeichert werden, wenn Sie unsere Seite besuchen. Cookies richten auf Ihrem Endger\u00e4t keinen Schaden an, enthalten keine Viren, Trojaner oder sonstige Schadsoftware. In dem Cookie werden Informationen abgelegt, die sich jeweils im Zusammenhang mit dem spezifisch eingesetzten Endger\u00e4t ergeben. Dies bedeutet jedoch nicht, dass wir dadurch unmittelbar Kenntnis von Ihrer Identit\u00e4t erhalten.<\/span><\/p>\n<p><span style=\"color: #333333;\">Der Einsatz von Cookies dient u.a. dazu, die Nutzung unseres Angebots f\u00fcr Sie angenehmer zu gestalten. So setzen wir Cookies ein, um zu erkennen, ob Sie einzelne Seiten unserer Website bereits besucht haben. Diese werden nach Verlassen unserer Seite automatisch gel\u00f6scht. Dar\u00fcber hinaus setzen wir zur Optimierung der Benutzerfreundlichkeit Cookies ein, die f\u00fcr einen bestimmten festgelegten Zeitraum auf Ihrem Endger\u00e4t gespeichert werden. Besuchen Sie unsere Seite erneut, um unsere Dienste in Anspruch zu nehmen, wird automatisch erkannt, ob Sie bereits bei uns waren und welche Eingaben und Einstellungen sie get\u00e4tigt haben, um diese nicht noch einmal eingeben zu m\u00fcssen.<\/span><\/p>\n<p><span style=\"color: #333333;\">Es ist zu unterscheiden zwischen Cookies, die unbedingt erforderlich sind, um die Dienste auf dieser Website zur Verf\u00fcgung zu stellen (notwendige Cookies), und solchen, die hierf\u00fcr nicht unbedingt erforderlich sind (nicht notwendige Cookies).<\/span><\/p>\n<p><span style=\"color: #333333;\">Ohne die Verwendung der notwendigen Cookies funktioniert diese Website nicht ordnungsgem\u00e4\u00df. Solche Cookies werden ausschlie\u00dflich von uns verwendet (sog. First Party Cookies) und s\u00e4mtliche Informationen, die in diesen Cookies gespeichert sind, werden nur an diese Website gesendet.<\/span><\/p>\n<p><span style=\"color: #333333;\">Notwendige Cookies werden unabh\u00e4ngig von der Erteilung Ihrer Einwilligung verwendet. Die Rechtsgrundlage f\u00fcr die Datenverarbeitung sind in diesem Fall unsere berechtigten Interessen, d.h., unser Interesse an der Analyse, Optimierung und dem wirtschaftlichen Betrieb unserer Website und unseren Leistungen (Art. 6 Abs. 1 S. 1 lit. f) EU-DSGVO).<\/span><\/p>\n<p><span style=\"color: #333333;\">Von uns verwendete nicht notwendige Cookies lassen sich in die Kategorien Pr\u00e4ferenz, Statistik und Marketing unterteilen. Marketing-Cookies werden von externen Unternehmen verwendet (sog. Third Party Cookies), um Informationen \u00fcber die Ihnen besuchten Websites zu sammeln, um z. B. zielgruppenorientierte Werbung zu erstellen.<\/span><\/p>\n<p><span style=\"color: #333333;\">Nicht notwendige Cookies werden erst nach Erteilung Ihrer Einwilligung verwendet. Indem Sie in einem von uns auf dieser Website zur Verf\u00fcgung gestellten sog. Consent-Tool Ihre Einwilligung zur Verwendung der dort aufgef\u00fchrten und von Ihnen ausgew\u00e4hlten Cookies erteilt haben, stimmen Sie der Verwendung dieser Cookies zu. Die Rechtsgrundlage f\u00fcr die Datenverarbeitung ist in diesem Fall Ihre Einwilligung (Art. 6 Abs. 1 S. 1 lit. a) EU-DSGVO).<\/span><\/p>\n<p><span style=\"color: #333333;\">Ihre Cookie Einstellungen k\u00f6nnen Sie jederzeit individuell anpassen, indem Sie im Consent-Tool einzelne Cookies \u2013 mit Ausnahme der notwendigen Cookies \u2013 aktivieren oder deaktivieren.<\/span><\/p>\n<p><span style=\"color: #333333;\">Sie k\u00f6nnen Ihren Webbrowser so einstellen, dass das Speichern von Cookies auf Ihrem Endger\u00e4t generell verhindert wird bzw. Sie jedes Mal gefragt werden, ob Sie mit dem Setzen von Cookies einverstanden ist. Einmal gesetzte Cookies k\u00f6nnen Sie jederzeit wieder l\u00f6schen. Wie dies funktioniert, wird in Hilfe-Funktion des jeweiligen Webbrowsers beschrieben.<\/span><\/p>\n<p><span style=\"color: #333333;\">Eine generelle Deaktivierung von Cookies kann evtl. zu Funktionseinschr\u00e4nkungen dieser Website f\u00fchren.<\/span><\/p>\n<p><span style=\"color: #333333;\">F\u00fcr die Webseitenstatistik wird das WordPress Plugin\u00a0\u201eStatify\u201c benutzt. \u00a0Statify\u00a0kommt ohne Cookies aus und verarbeitet und speichert keine personenbezogenen Daten wie IP-Adressen \u2013\u00a0Statify\u00a0z\u00e4hlt Aufrufe, keine Besucher. Somit erf\u00fcllt Statify alle Anforderungen der DSGVO.<\/span><\/p>\n<ol start=\"6\">\n<li><span style=\"color: #333333;\"><strong> Speicherdauer und Datenl\u00f6schung<\/strong><\/span><\/li>\n<\/ol>\n<p><span style=\"color: #333333;\">Ihre personenbezogenen Daten werden insbesondere gel\u00f6scht, sobald sie f\u00fcr die Zwecke, f\u00fcr die sie erhoben oder auf sonstige Weise verarbeitet wurden, nicht mehr notwendig sind (Art. 17 Abs. 1 lit. a) EU-DSGVO). Hiernach werden die Daten gel\u00f6scht, es sei denn, dass z.B. die Speicherung zur Erf\u00fcllung einer rechtlichen Verpflichtung, die die Verarbeitung nach dem Recht der Union oder der Mitgliedstaaten, dem der Verantwortliche unterliegt (Art. 17 Abs. 3 lit. b) EU-DSGVO), oder zur Geltendmachung, Aus\u00fcbung oder Verteidigung von Rechtsanspr\u00fcchen erforderlich ist (Art. 17 Abs. 3 lit. e) EU-DSGVO). Eine rechtliche Verpflichtung stellen die gesetzlichen Aufbewahrungspflichten dar, z.B. besteht nach \u00a7 147 Abs. 1 Nr. 4, Abs. 3 S. 1 AO eine Aufbewahrungsfrist von 10 Jahren bei Daten der Buchhaltung inkl. Bestellungs- und Zahlungsdaten sowie nach \u00a7 257 Abs. 1 Nr. 2, 3, Abs. 4 HGB eine Aufbewahrungsfrist von 6 Jahren bei Handelskorrespondenz, z.B. E-Mail-Nachrichten. W\u00e4hrend der Dauer der Aufbewahrungspflichten werden die Daten gesperrt, nach deren Ablauf erfolgt die L\u00f6schung.<\/span><\/p>\n<ol start=\"7\">\n<li><span style=\"color: #333333;\"><strong> Betroffenenrechte<\/strong><\/span><\/li>\n<\/ol>\n<p><span style=\"color: #333333;\">Sie haben das Recht,<\/span><\/p>\n<ul>\n<li><span style=\"color: #333333;\">gem\u00e4\u00df Art.\u00a07 Abs.\u00a03 EU-DSGVO Ihre einmal erteilte Einwilligung jederzeit gegen\u00fcber uns zu widerrufen. Dies hat zur Folge, dass wir die Datenverarbeitung, die auf dieser Einwilligung beruhte, f\u00fcr die Zukunft nicht mehr fortf\u00fchren d\u00fcrfen. Die Rechtm\u00e4\u00dfigkeit der bis zum Widerruf erfolgten Datenverarbeitung bleibt von Ihrem Widerruf unber\u00fchrt;<\/span><\/li>\n<li><span style=\"color: #333333;\">gem\u00e4\u00df Art.\u00a015 EU-DSGVO Auskunft \u00fcber Ihre von uns verarbeiteten personenbezogenen Daten zu verlangen. Hierbei k\u00f6nnen Sie Auskunft \u00fcber die Verarbeitungszwecke, die Kategorie der personenbezogenen Daten, die Kategorien von Empf\u00e4ngern, gegen\u00fcber denen Ihre Daten offengelegt wurden oder werden, die geplante Speicherdauer, das Bestehen eines Rechts auf Berichtigung, L\u00f6schung, Einschr\u00e4nkung der Verarbeitung oder Widerspruch, das Bestehen eines Beschwerderechts, die Herkunft ihrer Daten, sofern diese nicht bei uns erhoben wurden, sowie \u00fcber das Bestehen einer automatisierten Entscheidungsfindung einschlie\u00dflich Profiling und ggf. aussagekr\u00e4ftigen Informationen zu deren Einzelheiten verlangen;<\/span><\/li>\n<li><span style=\"color: #333333;\">gem\u00e4\u00df Art.\u00a016 EU-DSGVO unverz\u00fcglich die Berichtigung unrichtiger oder Vervollst\u00e4ndigung Ihrer bei uns gespeicherten personenbezogenen Daten zu verlangen;<\/span><\/li>\n<li><span style=\"color: #333333;\">gem\u00e4\u00df Art.\u00a017 EU-DSGVO die L\u00f6schung Ihrer bei uns gespeicherten personenbezogenen Daten zu verlangen, soweit nicht die Verarbeitung zur Aus\u00fcbung des Rechts auf freie Meinungs\u00e4u\u00dferung und Information, zur Erf\u00fcllung einer rechtlichen Verpflichtung, aus Gr\u00fcnden des \u00f6ffentlichen Interesses oder zur Geltendmachung, Aus\u00fcbung oder Verteidigung von Rechtsanspr\u00fcchen erforderlich ist;<\/span><\/li>\n<li><span style=\"color: #333333;\">gem\u00e4\u00df Art.\u00a018 EU-DSGVO die Einschr\u00e4nkung der Verarbeitung Ihrer personenbezogenen Daten zu verlangen, soweit die Richtigkeit der Daten von Ihnen bestritten wird, die Verarbeitung unrechtm\u00e4\u00dfig ist, Sie aber deren L\u00f6schung ablehnen und wir die Daten nicht mehr ben\u00f6tigen, Sie jedoch diese zur Geltendmachung, Aus\u00fcbung oder Verteidigung von Rechtsanspr\u00fcchen ben\u00f6tigen oder Sie gem\u00e4\u00df Art.\u00a021 DSGVO Widerspruch gegen die Verarbeitung eingelegt haben;<\/span><\/li>\n<li><span style=\"color: #333333;\">gem\u00e4\u00df Art.\u00a020 EU-DSGVO Ihre personenbezogenen Daten, die Sie uns bereitgestellt haben, in einem strukturierten, g\u00e4ngigen und maschinenlesebaren Format zu erhalten oder die \u00dcbermittlung an einen anderen Verantwortlichen zu verlangen;<\/span><\/li>\n<li><span style=\"color: #333333;\">gem\u00e4\u00df Art.\u00a077 EU-DSGVO sich bei einer Aufsichtsbeh\u00f6rde zu beschweren. Zust\u00e4ndige Aufsichtsbeh\u00f6rde ist der Landesdatenschutzbeauftragte des Bundeslandes, in dem unser Unternehmen seinen Sitz hat. Eine \u00dcbersicht zu den Landesdatenschutzbeauftragten nebst deren Kontaktdaten ist abrufbar unter <a href=\"https:\/\/www.bfdi.bund.de\/DE\/Infothek\/Anschriften_Links\/anschriften_links-node.html\">https:\/\/www.bfdi.bund.de\/DE\/Infothek\/Anschriften_Links\/anschriften_links-node.html<\/a>.<\/span><\/li>\n<\/ul>\n<ol start=\"8\">\n<li><span style=\"color: #333333;\"><strong> Widerspruchsrecht<\/strong><\/span><\/li>\n<\/ol>\n<p><span style=\"color: #333333;\">Sofern Ihre personenbezogenen Daten auf Grundlage von berechtigten Interessen gem\u00e4\u00df Art.\u00a06 Abs.\u00a01 S.\u00a01 lit.\u00a0f) EU-DSGVO verarbeitet werden, haben Sie das Recht, gem\u00e4\u00df Art.\u00a021 DSGVO Widerspruch gegen die Verarbeitung Ihrer personenbezogenen Daten einzulegen, soweit daf\u00fcr Gr\u00fcnde vorliegen, die sich aus Ihrer besonderen Situation ergeben. Im Falle Ihres begr\u00fcndeten Widerspruchs pr\u00fcfen wir die Sachlage und werden entweder die Datenverarbeitung einstellen bzw. anpassen oder Ihnen unsere zwingenden schutzw\u00fcrdigen Gr\u00fcnde aufzeigen, aufgrund derer wir die Verarbeitung fortf\u00fchren.<\/span><\/p>\n<p><span style=\"color: #333333;\">M\u00f6chten Sie von Ihrem Widerrufs- oder Widerspruchsrecht Gebrauch machen, gen\u00fcgt eine E-Mail an die E-Mail-Adresse <a href=\"javascript:DeCryptX('2i2c2d3u1j1f1m2g1x0e3o1{3C0a3v3w3u2q3n2t1f3d0t2k1w0.1e3h')\">gabrielewelz@astrokreativ.de<\/a><\/span><\/p>\n<ol start=\"9\">\n<li><span style=\"color: #333333;\"><strong> Datensicherheit<\/strong><\/span><\/li>\n<\/ol>\n<p><span style=\"color: #333333;\">Wir verwenden geeignete technische und organisatorische Sicherheitsma\u00dfnahmen, um Ihre Daten gegen zuf\u00e4llige oder vors\u00e4tzliche Manipulationen, teilweisen oder vollst\u00e4ndigen Verlust, Zerst\u00f6rung oder gegen den unbefugten Zugriff Dritter zu sch\u00fctzen. Unsere Sicherheitsma\u00dfnahmen werden entsprechend der technologischen Entwicklung fortlaufend verbessert.<\/span><\/p>\n<p><span style=\"color: #333333;\">Wir verwenden ferner innerhalb Ihres Website-Besuchs eine SSL- bzw. TLS-Verschl\u00fcsselung (SSL = Secure Sockets Layer; TLS = Transport Layer Security; SSL ist die vorherige Bezeichnung von TLS). Die entsprechend verschl\u00fcsselte Verbindung erkennen Sie an dem Pr\u00e4fix \u201ehttps:\/\/\u201c in der Adresszeile des Browsers sowie an dem der Browserzeile vorstehenden Schloss-Symbol.<\/span><\/p>\n<ol start=\"10\">\n<li><span style=\"color: #333333;\"><strong> Stand und eventuelle \u00c4nderung dieser Datenschutzerkl\u00e4rung<\/strong><\/span><\/li>\n<\/ol>\n<p><span style=\"color: #333333;\">Diese Datenschutzerkl\u00e4rung hat den Stand Dezember 2023.<br \/>\n<\/span><\/p>\n<p><span style=\"color: #333333;\">Aufgrund technischer Weiterentwicklungen und\/oder ge\u00e4nderter gesetzlicher bzw. beh\u00f6rdlicher Vorgaben kann es eventuell notwendig werden, diese Datenschutzerkl\u00e4rung zu \u00e4ndern. Ob \u00c4nderungen erfolgt sind, erkennen Sie daran, wenn im ersten Absatz dieses Abschnittes 10. der \u201eStand\u201c des Dokuments aktualisiert wurde.<\/span><\/p>\n<p><span style=\"color: #333333;\">Die jeweils aktuelle Datenschutzerkl\u00e4rung kann von Ihnen jederzeit auf unserer Website unter Datenschutz abgerufen und ausgedruckt werden.<\/span><\/p>\n","protected":false},"excerpt":{"rendered":"<p>Privatsph\u00e4re-Einstellungen Wir nehmen den Schutz Ihrer pers\u00f6nlichen Daten ernst und halten uns an die Regeln der jeweils geltenden Datenschutzgesetze, insbesondere EU-Datenschutzgrundverordnung (EU-DSGVO) und Bundesdatenschutzgesetz (BDSG), sowie dieser Datenschutzerkl\u00e4rung. Wir verarbeiten personenbezogene Daten unserer Nutzer nur, soweit diese zur Bereitstellung einer funktionsf\u00e4higen Website sowie unserer Inhalte, Leistungen, Angebote etc. erforderlich sind. Personenbezogene Daten sind alle Informationen,&hellip; <a class=\"more-link\" href=\"https:\/\/www.astrokreativ.de\/neuastro\/datenschutz\"><span class=\"screen-reader-text\">Datenschutzerkl\u00e4rung<\/span> weiterlesen<\/a><\/p>\n","protected":false},"author":1,"featured_media":0,"parent":0,"menu_order":0,"comment_status":"closed","ping_status":"closed","template":"","meta":[],"aioseo_notices":[],"_links":{"self":[{"href":"https:\/\/www.astrokreativ.de\/neuastro\/wp-json\/wp\/v2\/pages\/2408"}],"collection":[{"href":"https:\/\/www.astrokreativ.de\/neuastro\/wp-json\/wp\/v2\/pages"}],"about":[{"href":"https:\/\/www.astrokreativ.de\/neuastro\/wp-json\/wp\/v2\/types\/page"}],"author":[{"embeddable":true,"href":"https:\/\/www.astrokreativ.de\/neuastro\/wp-json\/wp\/v2\/users\/1"}],"replies":[{"embeddable":true,"href":"https:\/\/www.astrokreativ.de\/neuastro\/wp-json\/wp\/v2\/comments?post=2408"}],"version-history":[{"count":21,"href":"https:\/\/www.astrokreativ.de\/neuastro\/wp-json\/wp\/v2\/pages\/2408\/revisions"}],"predecessor-version":[{"id":4485,"href":"https:\/\/www.astrokreativ.de\/neuastro\/wp-json\/wp\/v2\/pages\/2408\/revisions\/4485"}],"wp:attachment":[{"href":"https:\/\/www.astrokreativ.de\/neuastro\/wp-json\/wp\/v2\/media?parent=2408"}],"curies":[{"name":"wp","href":"https:\/\/api.w.org\/{rel}","templated":true}]}}