{"id":2,"date":"2016-05-10T03:48:21","date_gmt":"2016-05-10T03:48:21","guid":{"rendered":"http:\/\/wp452m.a10-52-158-154.qa.plesk.ru\/wordpress\/?page_id=2"},"modified":"2023-03-11T20:03:36","modified_gmt":"2023-03-11T18:03:36","slug":"kunst","status":"publish","type":"page","link":"https:\/\/www.astrokreativ.de\/neuastro\/kunst","title":{"rendered":"Kunst"},"content":{"rendered":"<h4><span style=\"color: #785f14;\">Regenbogenfarben tropfen vom Himmel \u2013 die Welt wird bunt<\/span><\/h4>\n<p><span style=\"color: #333333;\">Au\u00dfer Schmuck ist es vor allem das Malen, das mich immer wieder zu mir selbst f\u00fchrt und hilft, meine Gef\u00fchle und Emotionen auszudr\u00fccken.<\/span><br><span style=\"color: #333333;\">In den Galerien meiner <strong>himmlischen Kunst<\/strong> finden Sie meine gemalten Bilder, meistens mit Acrylfarbe, aber auch mit \u00d6lfarbe und Mischtechniken hergestellt.&nbsp;<br><\/span><\/p>\n<p><span style=\"color: #333333;\">Meine gemalten Werke k\u00f6nnen Sie in meinem <a style=\"color: #333333;\" href=\"https:\/\/shop.astrokreativ.de.web12934.greatnet-hosting.de\/produkt-kategorie\/kunst-drucke\"><span style=\"color: #800000;\">Shop<\/span><\/a> als Kunstdrucke und Kunstkarten erwerben.<\/span><\/p>\n<h5><span style=\"color: #333333;\">Galerien:<\/span><\/h5>\n\n\n<div class=\"is-layout-flex wp-container-4 wp-block-columns\">\n<div class=\"is-layout-flow wp-block-column\">\n<figure class=\"wp-block-image size-full is-resized is-style-default\"><a href=\"https:\/\/www.astrokreativ.de\/neuastro\/engel-acrylbilder\"><img decoding=\"async\" loading=\"lazy\" src=\"https:\/\/www.astrokreativ.de\/neuastro\/wp-content\/uploads\/2022\/08\/Engel-der-Wunder80.jpg\" alt=\"Galeriebild\" class=\"wp-image-3964\" width=\"182\" height=\"182\"\/><\/a><figcaption>Engel <\/figcaption><\/figure>\n<\/div>\n\n\n\n<div class=\"is-layout-flow wp-block-column\">\n<figure class=\"wp-block-image size-full is-resized is-style-default\"><a href=\"https:\/\/www.astrokreativ.de\/neuastro\/menschen\"><img decoding=\"async\" loading=\"lazy\" src=\"https:\/\/www.astrokreativ.de\/neuastro\/wp-content\/uploads\/2019\/10\/Hingabe.jpg\" alt=\"\u00d6lfarbe mit Goldfolie auf Leinwand 29 x 29 cm\" class=\"wp-image-2949\" width=\"182\" height=\"182\" srcset=\"https:\/\/www.astrokreativ.de\/neuastro\/wp-content\/uploads\/2019\/10\/Hingabe.jpg 899w, https:\/\/www.astrokreativ.de\/neuastro\/wp-content\/uploads\/2019\/10\/Hingabe-768x769.jpg 768w, https:\/\/www.astrokreativ.de\/neuastro\/wp-content\/uploads\/2019\/10\/Hingabe-500x500.jpg 500w, https:\/\/www.astrokreativ.de\/neuastro\/wp-content\/uploads\/2019\/10\/Hingabe-400x400.jpg 400w\" sizes=\"(max-width: 182px) 100vw, 182px\" \/><\/a><figcaption>Menschen<\/figcaption><\/figure>\n<\/div>\n\n\n\n<div class=\"is-layout-flow wp-block-column\">\n<figure class=\"wp-block-image size-full is-resized is-style-default\"><a href=\"https:\/\/www.astrokreativ.de\/neuastro\/sonstiges\"><img decoding=\"async\" loading=\"lazy\" src=\"https:\/\/www.astrokreativ.de\/neuastro\/wp-content\/uploads\/2022\/08\/Lichtvolle-Ferne.jpg\" alt=\"Galeriebild\" class=\"wp-image-4004\" width=\"182\" height=\"182\"\/><\/a><figcaption>Landschaften\/abstrakt<\/figcaption><\/figure>\n<\/div>\n<\/div>\n","protected":false},"excerpt":{"rendered":"<p>Regenbogenfarben tropfen vom Himmel \u2013 die Welt wird bunt Au\u00dfer Schmuck ist es vor allem das Malen, das mich immer wieder zu mir selbst f\u00fchrt und hilft, meine Gef\u00fchle und Emotionen auszudr\u00fccken.In den Galerien meiner himmlischen Kunst finden Sie meine gemalten Bilder, meistens mit Acrylfarbe, aber auch mit \u00d6lfarbe und Mischtechniken hergestellt.&nbsp; Meine gemalten Werke&hellip; <a class=\"more-link\" href=\"https:\/\/www.astrokreativ.de\/neuastro\/kunst\"><span class=\"screen-reader-text\">Kunst<\/span> weiterlesen<\/a><\/p>\n","protected":false},"author":1,"featured_media":0,"parent":0,"menu_order":0,"comment_status":"closed","ping_status":"open","template":"","meta":[],"aioseo_notices":[],"_links":{"self":[{"href":"https:\/\/www.astrokreativ.de\/neuastro\/wp-json\/wp\/v2\/pages\/2"}],"collection":[{"href":"https:\/\/www.astrokreativ.de\/neuastro\/wp-json\/wp\/v2\/pages"}],"about":[{"href":"https:\/\/www.astrokreativ.de\/neuastro\/wp-json\/wp\/v2\/types\/page"}],"author":[{"embeddable":true,"href":"https:\/\/www.astrokreativ.de\/neuastro\/wp-json\/wp\/v2\/users\/1"}],"replies":[{"embeddable":true,"href":"https:\/\/www.astrokreativ.de\/neuastro\/wp-json\/wp\/v2\/comments?post=2"}],"version-history":[{"count":45,"href":"https:\/\/www.astrokreativ.de\/neuastro\/wp-json\/wp\/v2\/pages\/2\/revisions"}],"predecessor-version":[{"id":4376,"href":"https:\/\/www.astrokreativ.de\/neuastro\/wp-json\/wp\/v2\/pages\/2\/revisions\/4376"}],"wp:attachment":[{"href":"https:\/\/www.astrokreativ.de\/neuastro\/wp-json\/wp\/v2\/media?parent=2"}],"curies":[{"name":"wp","href":"https:\/\/api.w.org\/{rel}","templated":true}]}}