{"id":1241,"date":"2017-02-15T16:47:54","date_gmt":"2017-02-15T16:47:54","guid":{"rendered":"http:\/\/www.astrokreativ.de\/neuastro\/hochsensibel-2"},"modified":"2023-03-10T20:06:40","modified_gmt":"2023-03-10T18:06:40","slug":"hochsensibel-2","status":"publish","type":"page","link":"https:\/\/www.astrokreativ.de\/neuastro\/hochsensibel-2","title":{"rendered":"Schmuck f\u00fcr Hochsensible"},"content":{"rendered":"\n<h4><span style=\"color: #785f14;\">Hilfreicher Schmuck f\u00fcr hochsensible Menschen<br><\/span><\/h4>\n\n\n\n<p><span style=\"color: #333333;\">Bestimmte Edelsteine k\u00f6nnen mit ihrer feinen Schwingung gerade f\u00fcr Hochsensible wohltuend und unterst\u00fctzend sein und die Belastungen der Hochsensibilit\u00e4t reduzieren.<\/span><br><span style=\"color: #333333;\">Da sind z.B. die Edelsteine Citrin, Amethyst und Prehnit, die ein bewusstes Erkennen der Wahrnehmungen f\u00f6rdern und somit die Verarbeitung der Informationen besser bew\u00e4ltigen lassen. Lepidolith, Sch\u00f6rl, T\u00fcrkis sind gute Steine, um sich besser abgrenzen und sch\u00fctzen zu k\u00f6nnen. <\/span><br><span style=\"color: #333333;\">Dazu hier ein paar Anwendungstipps:<\/span><\/p>\n\n\n\n<p><span style=\"color: #333333;\"><strong>Sch\u00f6rl, Lepidolith, T\u00fcrkis, Obsidian, Achat \u2013 bei Abgrenzungsschwierigkeiten<\/strong><\/span><\/p>\n\n\n\n<p><span style=\"color: #333333;\">Wenn Sie in Kontakt mit anderen Menschen Probleme haben sich abzugrenzen, helfen Ihnen die obengenannten Steine einen \u00e4u\u00dferen und auch einen inneren Schutz zu bilden.<\/span><br><span style=\"color: #333333;\">Der T\u00fcrkis sch\u00fctzt und befreit aus Opferhaltungen, der Achat hilft innere St\u00e4rke zu entwickeln, der Lepidolith sch\u00fctzt besonders in gro\u00dfen Menschenmengen, Sch\u00f6rl sowie Obsidian sch\u00fctzen vor negativen \u00e4u\u00dferen, wie auch negativen inneren Einfl\u00fcssen.<\/span><br><span style=\"color: #333333;\">Sie k\u00f6nnen den f\u00fcr Sie passenden Stein in der Hosentasche bei sich tragen und in den entsprechenden Situationen in der Hand halten.<\/span><br><span style=\"color: #333333;\">Besonders wirkungsvoll ist nat\u00fcrlich auch mein Schmuck, den ich speziell f\u00fcr hochsensible Menschen entworfen habe. Dies kann f\u00fcr Sie ein ganz pers\u00f6nliches Schutzamulett sein und somit noch kr\u00e4ftiger wirken.<\/span><br><span style=\"color: #333333;\">Zus\u00e4tzlich k\u00f6nnen Sie sich auch ein Schutzspray von diesen Steinen herstellen.<\/span><br><span style=\"color: #333333;\">Dazu f\u00fcllen Sie klares Wasser in eine Spr\u00fchflasche, sowie etwas Rosenwasser. Tr\u00e4ufeln Sie jeweils ein paar Tropfen Essenz der oben genannten Edelsteine hinein.<\/span><br><span style=\"color: #333333;\">Wenn Sie aus dem Haus gehen oder vor Kontakten mit anderen Menschen stehen, spr\u00fchen Sie sich mit diesem Schutzwasser ein. Es wird Ihnen helfen, besser mit solchen Situationen umzugehen, mehr St\u00e4rke auszustrahlen und bei sich zu bleiben.<\/span><\/p>\n\n\n\n<p><span style=\"color: #333333;\">Mehr Informationen \u00fcber Hochsensibilit\u00e4t erfahren Sie auf der folgenden Seite: <a style=\"color: #333333;\" href=\"https:\/\/www.astrokreativ.de\/neuastro\/was-ist-hochsensibilitaet\"><span style=\"color: #800000;\">Was ist Hochsensiblit\u00e4t<\/span>?<\/a><\/span><\/p>\n\n\n\n<p class=\"has-text-color\" style=\"color:#800000\"><span style=\"color: #333333;\">Weitere Informationen zu den einzelnen Schmuckst\u00fccken erhalten Sie in meinem<span style=\"color: #800000;\"> <a href=\"https:\/\/shop.astrokreativ.de.web12934.greatnet-hosting.de\/\" target=\"_blank\" rel=\"noopener\" title=\"\"><span style=\"color:#800000\" class=\"has-inline-color\">Shop<\/span><\/a><\/span>, dort k\u00f6nnen Sie auch den aktuellen Schmuck bestellen.<\/span><\/p>\n\n\n\n<p><span style=\"color: #333333;\">Hier sehen Sie eine kleine Auswahl der Ketten, Anh\u00e4nger, Armb\u00e4nder und auch Ohrschmuck aus Edelsteinen und Silber:<\/span><\/p>\n\n\n\n<p><span style=\"border-radius: 2px; text-indent: 20px; width: auto; padding: 0px 4px 0px 0px; text-align: center; font: bold 11px\/20px 'Helvetica Neue',Helvetica,sans-serif; color: #ffffff; background: #bd081c no-repeat scroll 3px 50% \/ 14px 14px; position: absolute; opacity: 1; z-index: 8675309; display: none; cursor: pointer; top: 37px; left: 20px;\">Merken<\/span><\/p>\n\n\n\n<p><span style=\"border-radius: 2px; text-indent: 20px; width: auto; padding: 0px 4px 0px 0px; text-align: center; font: bold 11px\/20px 'Helvetica Neue',Helvetica,sans-serif; color: #ffffff; background: #bd081c no-repeat scroll 3px 50% \/ 14px 14px; position: absolute; opacity: 1; z-index: 8675309; display: none; cursor: pointer; top: 37px; left: 20px;\">Merken<\/span><\/p>\n\n\n<style type=\"text\/css\">\n#foogallery-gallery-4116.fg-justified .fg-item { margin-right: 4px; margin-bottom: 4px; }\n#foogallery-gallery-4116.fg-justified .fg-image { height: 100px; }<\/style>\n\t\t\t<div class=\"foogallery foogallery-container foogallery-justified foogallery-lightbox-foobox fg-justified fg-ready fg-dark fg-shadow-outline fg-loading-default fg-loaded-slide-up fg-hover-scale fg-caption-hover fg-hover-fade fg-light-overlays\" id=\"foogallery-gallery-4116\" data-foogallery=\"{&quot;item&quot;:{&quot;showCaptionTitle&quot;:true,&quot;showCaptionDescription&quot;:false},&quot;lazy&quot;:true,&quot;template&quot;:{&quot;rowHeight&quot;:100,&quot;maxRowHeight&quot;:150,&quot;margins&quot;:4,&quot;align&quot;:&quot;left&quot;,&quot;lastRow&quot;:&quot;smart&quot;}}\" style=\"--fg-title-line-clamp: 0; --fg-description-line-clamp: 0;\" >\n\t<div class=\"fg-item fg-type-image fg-idle\"><figure class=\"fg-item-inner\"><a href=\"https:\/\/www.astrokreativ.de\/neuastro\/wp-content\/uploads\/2022\/01\/Lepidolith-Charoit-Kette5.jpg\" data-caption-title=\"Hochsensibilit\u00e4t\" data-caption-desc=\"Kette aus Lepidolith und Charoit - verkauft!\" data-attachment-id=\"3460\" data-type=\"image\" class=\"fg-thumb\"><span class=\"fg-image-wrap\"><img decoding=\"async\" alt=\"Produktansicht\" title=\"Hochsensibilit\u00e4t\" height=\"150\" width=\"209\" class=\"skip-lazy fg-image\" data-src-fg=\"https:\/\/www.astrokreativ.de\/neuastro\/wp-content\/uploads\/cache\/2022\/01\/Lepidolith-Charoit-Kette5\/1776334266.jpg\" src=\"data:image\/svg+xml,%3Csvg%20xmlns%3D%22http%3A%2F%2Fwww.w3.org%2F2000%2Fsvg%22%20width%3D%22209%22%20height%3D%22150%22%20viewBox%3D%220%200%20209%20150%22%3E%3C%2Fsvg%3E\" loading=\"eager\"><\/span><span class=\"fg-image-overlay\"><\/span><\/a><figcaption class=\"fg-caption\"><div class=\"fg-caption-inner\"><div class=\"fg-caption-title\">Hochsensibilit\u00e4t<\/div><\/div><\/figcaption><\/figure><div class=\"fg-loader\"><\/div><\/div><div class=\"fg-item fg-type-image fg-idle\"><figure class=\"fg-item-inner\"><a href=\"https:\/\/www.astrokreativ.de\/neuastro\/wp-content\/uploads\/2022\/01\/Muskovit-Haematitquarz1.jpg\" data-caption-title=\"Hochsensibilit\u00e4t\" data-caption-desc=\"Armband aus Muskovit und H\u00e4matitquarz - verkauft!\" data-attachment-id=\"3461\" data-type=\"image\" class=\"fg-thumb\"><span class=\"fg-image-wrap\"><img decoding=\"async\" alt=\"Produktansicht\" title=\"Hochsensibilit\u00e4t\" height=\"150\" width=\"192\" class=\"skip-lazy fg-image\" data-src-fg=\"https:\/\/www.astrokreativ.de\/neuastro\/wp-content\/uploads\/cache\/2022\/01\/Muskovit-Haematitquarz1\/1527282219.jpg\" src=\"data:image\/svg+xml,%3Csvg%20xmlns%3D%22http%3A%2F%2Fwww.w3.org%2F2000%2Fsvg%22%20width%3D%22192%22%20height%3D%22150%22%20viewBox%3D%220%200%20192%20150%22%3E%3C%2Fsvg%3E\" loading=\"eager\"><\/span><span class=\"fg-image-overlay\"><\/span><\/a><figcaption class=\"fg-caption\"><div class=\"fg-caption-inner\"><div class=\"fg-caption-title\">Hochsensibilit\u00e4t<\/div><\/div><\/figcaption><\/figure><div class=\"fg-loader\"><\/div><\/div><div class=\"fg-item fg-type-image fg-idle\"><figure class=\"fg-item-inner\"><a href=\"https:\/\/www.astrokreativ.de\/neuastro\/wp-content\/uploads\/2022\/03\/Schoerl-Aquamarin2.jpg\" data-caption-title=\"Schmuck f\u00fcr Hochsensible\" data-caption-desc=\"Sch\u00f6rl Kette mit einem Aquamarin Kristall - verkauft!\" data-attachment-id=\"3514\" data-type=\"image\" class=\"fg-thumb\"><span class=\"fg-image-wrap\"><img decoding=\"async\" alt=\"Produktansicht\" title=\"Schmuck f\u00fcr Hochsensible\" height=\"150\" width=\"256\" class=\"skip-lazy fg-image\" data-src-fg=\"https:\/\/www.astrokreativ.de\/neuastro\/wp-content\/uploads\/cache\/2022\/03\/Schoerl-Aquamarin2\/578305316.jpg\" src=\"data:image\/svg+xml,%3Csvg%20xmlns%3D%22http%3A%2F%2Fwww.w3.org%2F2000%2Fsvg%22%20width%3D%22256%22%20height%3D%22150%22%20viewBox%3D%220%200%20256%20150%22%3E%3C%2Fsvg%3E\" loading=\"eager\"><\/span><span class=\"fg-image-overlay\"><\/span><\/a><figcaption class=\"fg-caption\"><div class=\"fg-caption-inner\"><div class=\"fg-caption-title\">Schmuck f\u00fcr Hochsensible<\/div><\/div><\/figcaption><\/figure><div class=\"fg-loader\"><\/div><\/div><div class=\"fg-item fg-type-image fg-idle\"><figure class=\"fg-item-inner\"><a href=\"https:\/\/www.astrokreativ.de\/neuastro\/wp-content\/uploads\/2022\/03\/Tuerkiskette.jpg\" data-caption-title=\"Schmuck f\u00fcr Hochsensible\" data-caption-desc=\"Schutzkette aus T\u00fcrkis und einem Engelfl\u00fcgel - verkauft!\" data-attachment-id=\"3532\" data-type=\"image\" class=\"fg-thumb\"><span class=\"fg-image-wrap\"><img decoding=\"async\" alt=\"Produktansicht\" title=\"Schmuck f\u00fcr Hochsensible\" height=\"150\" width=\"182\" class=\"skip-lazy fg-image\" data-src-fg=\"https:\/\/www.astrokreativ.de\/neuastro\/wp-content\/uploads\/cache\/2022\/03\/Tuerkiskette\/3840671820.jpg\" src=\"data:image\/svg+xml,%3Csvg%20xmlns%3D%22http%3A%2F%2Fwww.w3.org%2F2000%2Fsvg%22%20width%3D%22182%22%20height%3D%22150%22%20viewBox%3D%220%200%20182%20150%22%3E%3C%2Fsvg%3E\" loading=\"eager\"><\/span><span class=\"fg-image-overlay\"><\/span><\/a><figcaption class=\"fg-caption\"><div class=\"fg-caption-inner\"><div class=\"fg-caption-title\">Schmuck f\u00fcr Hochsensible<\/div><\/div><\/figcaption><\/figure><div class=\"fg-loader\"><\/div><\/div><div class=\"fg-item fg-type-image fg-idle\"><figure class=\"fg-item-inner\"><a href=\"https:\/\/www.astrokreativ.de\/neuastro\/wp-content\/uploads\/2022\/07\/Tuerkis-Schoerl-Ohrringe.jpg\" data-caption-title=\"Schutz\" data-caption-desc=\"Ohrringe aus T\u00fcrkis und Sch\u00f6rl - verkauft!\" data-attachment-id=\"3635\" data-type=\"image\" class=\"fg-thumb\"><span class=\"fg-image-wrap\"><img decoding=\"async\" alt=\"Produktansicht\" title=\"Schutz\" height=\"150\" width=\"172\" class=\"skip-lazy fg-image\" data-src-fg=\"https:\/\/www.astrokreativ.de\/neuastro\/wp-content\/uploads\/cache\/2022\/07\/Tuerkis-Schoerl-Ohrringe\/3282307721.jpg\" src=\"data:image\/svg+xml,%3Csvg%20xmlns%3D%22http%3A%2F%2Fwww.w3.org%2F2000%2Fsvg%22%20width%3D%22172%22%20height%3D%22150%22%20viewBox%3D%220%200%20172%20150%22%3E%3C%2Fsvg%3E\" loading=\"eager\"><\/span><span class=\"fg-image-overlay\"><\/span><\/a><figcaption class=\"fg-caption\"><div class=\"fg-caption-inner\"><div class=\"fg-caption-title\">Schutz<\/div><\/div><\/figcaption><\/figure><div class=\"fg-loader\"><\/div><\/div><div class=\"fg-item fg-type-image fg-idle\"><figure class=\"fg-item-inner\"><a href=\"https:\/\/www.astrokreativ.de\/neuastro\/wp-content\/uploads\/2022\/08\/Sandrose-Goldobsidian5.jpg\" data-caption-title=\"Schutz und Heilung\" data-caption-desc=\"Goldobsidiankette mit Sandrose - verkauft!\" data-attachment-id=\"3637\" data-type=\"image\" class=\"fg-thumb\"><span class=\"fg-image-wrap\"><img decoding=\"async\" alt=\"Produktansicht\" title=\"Schutz und Heilung\" height=\"150\" width=\"227\" class=\"skip-lazy fg-image\" data-src-fg=\"https:\/\/www.astrokreativ.de\/neuastro\/wp-content\/uploads\/cache\/2022\/08\/Sandrose-Goldobsidian5\/4034633459.jpg\" src=\"data:image\/svg+xml,%3Csvg%20xmlns%3D%22http%3A%2F%2Fwww.w3.org%2F2000%2Fsvg%22%20width%3D%22227%22%20height%3D%22150%22%20viewBox%3D%220%200%20227%20150%22%3E%3C%2Fsvg%3E\" loading=\"eager\"><\/span><span class=\"fg-image-overlay\"><\/span><\/a><figcaption class=\"fg-caption\"><div class=\"fg-caption-inner\"><div class=\"fg-caption-title\">Schutz und Heilung<\/div><\/div><\/figcaption><\/figure><div class=\"fg-loader\"><\/div><\/div><div class=\"fg-item fg-type-image fg-idle\"><figure class=\"fg-item-inner\"><a href=\"https:\/\/www.astrokreativ.de\/neuastro\/wp-content\/uploads\/2022\/10\/Turmalinquarz.jpg\" data-caption-title=\"Schutz f\u00fcr Hochsensible\" data-caption-desc=\"Kette aus Turmalinquarz mit Anh\u00e4nger aus Bergkristall und Sch\u00f6rl - verkauft!\" data-attachment-id=\"3749\" data-type=\"image\" class=\"fg-thumb\"><span class=\"fg-image-wrap\"><img decoding=\"async\" alt=\"Produktansicht\" title=\"Schutz f\u00fcr Hochsensible\" height=\"150\" width=\"169\" class=\"skip-lazy fg-image\" data-src-fg=\"https:\/\/www.astrokreativ.de\/neuastro\/wp-content\/uploads\/cache\/2022\/10\/Turmalinquarz\/3826060027.jpg\" src=\"data:image\/svg+xml,%3Csvg%20xmlns%3D%22http%3A%2F%2Fwww.w3.org%2F2000%2Fsvg%22%20width%3D%22169%22%20height%3D%22150%22%20viewBox%3D%220%200%20169%20150%22%3E%3C%2Fsvg%3E\" loading=\"eager\"><\/span><span class=\"fg-image-overlay\"><\/span><\/a><figcaption class=\"fg-caption\"><div class=\"fg-caption-inner\"><div class=\"fg-caption-title\">Schutz f\u00fcr Hochsensible<\/div><\/div><\/figcaption><\/figure><div class=\"fg-loader\"><\/div><\/div><div class=\"fg-item fg-type-image fg-idle\"><figure class=\"fg-item-inner\"><a href=\"https:\/\/www.astrokreativ.de\/neuastro\/wp-content\/uploads\/2023\/02\/Schoerl-Prehnit-Ohrringe1.jpg\" data-caption-title=\"Schutz f\u00fcr Hochsensible\" data-caption-desc=\"Ohrringe aus schwarzen facettierten Turmalinkugeln (Sch\u00f6rl) und facettierten Prehnitrondellen\" data-attachment-id=\"4118\" data-type=\"image\" class=\"fg-thumb\"><span class=\"fg-image-wrap\"><img decoding=\"async\" alt=\"Galeriebild\" title=\"Schutz f\u00fcr Hochsensible\" height=\"150\" width=\"182\" class=\"skip-lazy fg-image\" data-src-fg=\"https:\/\/www.astrokreativ.de\/neuastro\/wp-content\/uploads\/cache\/2023\/02\/Schoerl-Prehnit-Ohrringe1\/120905489.jpg\" src=\"data:image\/svg+xml,%3Csvg%20xmlns%3D%22http%3A%2F%2Fwww.w3.org%2F2000%2Fsvg%22%20width%3D%22182%22%20height%3D%22150%22%20viewBox%3D%220%200%20182%20150%22%3E%3C%2Fsvg%3E\" loading=\"eager\"><\/span><span class=\"fg-image-overlay\"><\/span><\/a><figcaption class=\"fg-caption\"><div class=\"fg-caption-inner\"><div class=\"fg-caption-title\">Schutz f\u00fcr Hochsensible<\/div><\/div><\/figcaption><\/figure><div class=\"fg-loader\"><\/div><\/div><div class=\"fg-item fg-type-image fg-idle\"><figure class=\"fg-item-inner\"><a href=\"https:\/\/www.astrokreativ.de\/neuastro\/wp-content\/uploads\/2023\/02\/Lepidolith4.jpg\" data-caption-title=\"Schutz\" data-caption-desc=\"Anh\u00e4nger aus einer nat\u00fcrlich gewachsenen Lepidolithscheibe - verkauft!\" data-attachment-id=\"4119\" data-type=\"image\" class=\"fg-thumb\"><span class=\"fg-image-wrap\"><img decoding=\"async\" alt=\"Galeriebild\" title=\"Schutz\" height=\"150\" width=\"128\" class=\"skip-lazy fg-image\" data-src-fg=\"https:\/\/www.astrokreativ.de\/neuastro\/wp-content\/uploads\/cache\/2023\/02\/Lepidolith4\/2856785810.jpg\" src=\"data:image\/svg+xml,%3Csvg%20xmlns%3D%22http%3A%2F%2Fwww.w3.org%2F2000%2Fsvg%22%20width%3D%22128%22%20height%3D%22150%22%20viewBox%3D%220%200%20128%20150%22%3E%3C%2Fsvg%3E\" loading=\"eager\"><\/span><span class=\"fg-image-overlay\"><\/span><\/a><figcaption class=\"fg-caption\"><div class=\"fg-caption-inner\"><div class=\"fg-caption-title\">Schutz<\/div><\/div><\/figcaption><\/figure><div class=\"fg-loader\"><\/div><\/div><div class=\"fg-item fg-type-image fg-idle\"><figure class=\"fg-item-inner\"><a href=\"https:\/\/www.astrokreativ.de\/neuastro\/wp-content\/uploads\/2023\/02\/Schoerl1.jpg\" data-caption-title=\"Schutz\" data-caption-desc=\"Ohrh\u00e4nger aus facettierten Sch\u00f6rlkugeln und Sch\u00f6rlkristallen - verkauft!\" data-attachment-id=\"4120\" data-type=\"image\" class=\"fg-thumb\"><span class=\"fg-image-wrap\"><img decoding=\"async\" alt=\"Galeriebild\" title=\"Schutz\" height=\"150\" width=\"167\" class=\"skip-lazy fg-image\" data-src-fg=\"https:\/\/www.astrokreativ.de\/neuastro\/wp-content\/uploads\/cache\/2023\/02\/Schoerl1\/3327599672.jpg\" src=\"data:image\/svg+xml,%3Csvg%20xmlns%3D%22http%3A%2F%2Fwww.w3.org%2F2000%2Fsvg%22%20width%3D%22167%22%20height%3D%22150%22%20viewBox%3D%220%200%20167%20150%22%3E%3C%2Fsvg%3E\" loading=\"eager\"><\/span><span class=\"fg-image-overlay\"><\/span><\/a><figcaption class=\"fg-caption\"><div class=\"fg-caption-inner\"><div class=\"fg-caption-title\">Schutz<\/div><\/div><\/figcaption><\/figure><div class=\"fg-loader\"><\/div><\/div><div class=\"fg-item fg-type-image fg-idle\"><figure class=\"fg-item-inner\"><a href=\"https:\/\/www.astrokreativ.de\/neuastro\/wp-content\/uploads\/2023\/02\/Lepidolith-Amethyst6.jpg\" data-caption-title=\"Abgrenzung\" data-caption-desc=\"Kette aus Amethyst, Lepidolith und Perlen - verkauft!\" data-attachment-id=\"4121\" data-type=\"image\" class=\"fg-thumb\"><span class=\"fg-image-wrap\"><img decoding=\"async\" alt=\"Galeriebild\" title=\"Abgrenzung\" height=\"150\" width=\"177\" class=\"skip-lazy fg-image\" data-src-fg=\"https:\/\/www.astrokreativ.de\/neuastro\/wp-content\/uploads\/cache\/2023\/02\/Lepidolith-Amethyst6\/2895552325.jpg\" src=\"data:image\/svg+xml,%3Csvg%20xmlns%3D%22http%3A%2F%2Fwww.w3.org%2F2000%2Fsvg%22%20width%3D%22177%22%20height%3D%22150%22%20viewBox%3D%220%200%20177%20150%22%3E%3C%2Fsvg%3E\" loading=\"eager\"><\/span><span class=\"fg-image-overlay\"><\/span><\/a><figcaption class=\"fg-caption\"><div class=\"fg-caption-inner\"><div class=\"fg-caption-title\">Abgrenzung<\/div><\/div><\/figcaption><\/figure><div class=\"fg-loader\"><\/div><\/div><\/div>\n","protected":false},"excerpt":{"rendered":"<p>Hilfreicher Schmuck f\u00fcr hochsensible Menschen Bestimmte Edelsteine k\u00f6nnen mit ihrer feinen Schwingung gerade f\u00fcr Hochsensible wohltuend und unterst\u00fctzend sein und die Belastungen der Hochsensibilit\u00e4t reduzieren.Da sind z.B. die Edelsteine Citrin, Amethyst und Prehnit, die ein bewusstes Erkennen der Wahrnehmungen f\u00f6rdern und somit die Verarbeitung der Informationen besser bew\u00e4ltigen lassen. Lepidolith, Sch\u00f6rl, T\u00fcrkis sind gute Steine,&hellip; <a class=\"more-link\" href=\"https:\/\/www.astrokreativ.de\/neuastro\/hochsensibel-2\"><span class=\"screen-reader-text\">Schmuck f\u00fcr Hochsensible<\/span> weiterlesen<\/a><\/p>\n","protected":false},"author":1,"featured_media":0,"parent":0,"menu_order":0,"comment_status":"closed","ping_status":"closed","template":"","meta":[],"aioseo_notices":[],"_links":{"self":[{"href":"https:\/\/www.astrokreativ.de\/neuastro\/wp-json\/wp\/v2\/pages\/1241"}],"collection":[{"href":"https:\/\/www.astrokreativ.de\/neuastro\/wp-json\/wp\/v2\/pages"}],"about":[{"href":"https:\/\/www.astrokreativ.de\/neuastro\/wp-json\/wp\/v2\/types\/page"}],"author":[{"embeddable":true,"href":"https:\/\/www.astrokreativ.de\/neuastro\/wp-json\/wp\/v2\/users\/1"}],"replies":[{"embeddable":true,"href":"https:\/\/www.astrokreativ.de\/neuastro\/wp-json\/wp\/v2\/comments?post=1241"}],"version-history":[{"count":34,"href":"https:\/\/www.astrokreativ.de\/neuastro\/wp-json\/wp\/v2\/pages\/1241\/revisions"}],"predecessor-version":[{"id":4361,"href":"https:\/\/www.astrokreativ.de\/neuastro\/wp-json\/wp\/v2\/pages\/1241\/revisions\/4361"}],"wp:attachment":[{"href":"https:\/\/www.astrokreativ.de\/neuastro\/wp-json\/wp\/v2\/media?parent=1241"}],"curies":[{"name":"wp","href":"https:\/\/api.w.org\/{rel}","templated":true}]}}